{"id":10,"date":"2016-10-31T13:17:29","date_gmt":"2016-10-31T13:17:29","guid":{"rendered":"http:\/\/javanas.net\/testsite\/?page_id=10"},"modified":"2020-05-03T15:00:54","modified_gmt":"2020-05-03T13:00:54","slug":"nati","status":"publish","type":"page","link":"https:\/\/javanas.net\/testsite\/nati\/","title":{"rendered":"Nati"},"content":{"rendered":"<div id=\"pl-10\"  class=\"panel-layout\" ><div id=\"pg-10-0\"  class=\"panel-grid panel-has-style\" ><div class=\"siteorigin-panels-stretch panel-row-style panel-row-style-for-10-0\" style=\"background-image: url(https:\/\/javanas.net\/testsite\/wp-content\/uploads\/2016\/10\/20180506-20180506-IMG_2553.jpg);padding: 10px 0; \" data-stretch-type=\"full\" data-hasbg=\"hasbg\" data-overlay-color=\"#000000\" ><div id=\"pgc-10-0-0\"  class=\"panel-grid-cell\" ><div id=\"panel-10-0-0-0\" class=\"so-panel widget widget_sow-editor panel-first-child panel-last-child\" data-index=\"0\" ><div style=\"text-align: left;\" data-title-color=\"#443f3f\" data-headings-color=\"#443f3f\" class=\"panel-widget-style panel-widget-style-for-10-0-0-0\" ><div\n\t\t\t\n\t\t\tclass=\"so-widget-sow-editor so-widget-sow-editor-base\"\n\t\t\t\n\t\t>\n<div class=\"siteorigin-widget-tinymce textwidget\">\n\t<p>Nimi: Sunsweet Child of the Night<\/p>\n<p>Is\u00e4: Blenmerrow Lambada Let's Boogie<br \/>\nEm\u00e4: Kuukivi Paike<\/p>\n<p>14.7.2007-29.4.2020<\/p>\n<p>Korkeus: 34 cm<\/p>\n<p>V\u00e4ri: Tricolor<\/p>\n<p>Terveys:<\/p>\n<p>Lonkat: B\/A<br \/>\nSilm\u00e4t:\u00a0Terveet (04\/14)<br \/>\nPolvet: 0\/0 (04\/12)<br \/>\nSyd\u00e4n: Terve, ei sivu\u00e4\u00e4ni\u00e4 (04\/12)<br \/>\nHampaat:\u00a0Kaikki hampaat, oikea purenta<br \/>\nN\u00e4yttelyt: 2 x EH<\/p>\n<p>Harrastukset:<\/p>\n<p>Managerointi,<br \/>\npallon jahtaus,<br \/>\nkulinarismi<\/p>\n<\/div>\n<\/div><\/div><\/div><\/div><\/div><\/div><div id=\"pg-10-1\"  class=\"panel-grid panel-has-style\" ><div class=\"siteorigin-panels-stretch panel-row-style panel-row-style-for-10-1\" style=\"padding: 10px 0; \" data-stretch-type=\"full\" data-overlay-color=\"#000000\" ><div id=\"pgc-10-1-0\"  class=\"panel-grid-cell\" ><div id=\"panel-10-1-0-0\" class=\"so-panel widget widget_sow-button panel-first-child panel-last-child\" data-index=\"1\" ><div style=\"text-align: left;\" data-title-color=\"#443f3f\" data-headings-color=\"#443f3f\" class=\"panel-widget-style panel-widget-style-for-10-1-0-0\" ><div\n\t\t\t\n\t\t\tclass=\"so-widget-sow-button so-widget-sow-button-atom-f38d4f8804b4-10\"\n\t\t\t\n\t\t><div class=\"ow-button-base ow-button-align-center\">\n\t<a href=\"http:\/\/jalostus.kennelliitto.fi\/frmKoira.aspx?RekNo=FIN45341%2F07\" class=\"ow-icon-placement-left ow-button-hover\" target=\"_blank\" rel=\"noopener noreferrer\" \t\t>\n\t\t<span>\n\t\t\t<span class=\"sow-icon-fontawesome sow-fas\" data-sow-icon=\"&#xf3a5;\"\n\t\tstyle=\"color: #ffffff\" \n\t\taria-hidden=\"true\"><\/span>\n\t\t\tNati KoiraNetiss\u00e4\t\t<\/span>\n\t<\/a>\n<\/div>\n<\/div><\/div><\/div><\/div><\/div><\/div><div id=\"pg-10-2\"  class=\"panel-grid panel-has-style\" ><div class=\"siteorigin-panels-stretch panel-row-style panel-row-style-for-10-2\" style=\"padding: 10px 0; \" data-stretch-type=\"full\" data-overlay-color=\"#000000\" ><div id=\"pgc-10-2-0\"  class=\"panel-grid-cell\" ><div id=\"panel-10-2-0-0\" class=\"so-panel widget widget_text panel-first-child\" data-index=\"2\" ><div style=\"text-align: left;\" data-title-color=\"#443f3f\" data-headings-color=\"#443f3f\" class=\"panel-widget-style panel-widget-style-for-10-2-0-0\" >\t\t\t<div class=\"textwidget\"><p>Nati on kaiken hienon alku ja juuri, meid\u00e4n ensimm\u00e4inen shetlanninlammaskoira ja my\u00f6s t\u00e4m\u00e4n \"linjan\" l\u00e4ht\u00f6laukas. Se nauttii perheess\u00e4 hyvin ansaittua asemaa matriarkkana ja pit\u00e4\u00e4 hienovaraisesti huolen arvoj\u00e4rjestyksest\u00e4 esim. lelujen ja ruokien suhteen. Nati toimii my\u00f6s managerina j\u00e4lkipolvilleen ja on eritt\u00e4in innokas ottamaan ison siivun mahdollisista ruokapalkinnoista. Vaativa ty\u00f6 ja sill\u00e4 tavalla. Ruuan lis\u00e4ksi Nati rakastaa palloja, frisbiit\u00e4 ja mit\u00e4 tahansa lent\u00e4v\u00e4\u00e4! Vaikka nuoremmat noutaisi nopeammin, lelu tiputetaan Natille, joka sitten ylpe\u00e4n\u00e4 palauttaa heitt\u00e4j\u00e4lle saaliin. <\/p>\n<p>Natin el\u00e4m\u00e4nteht\u00e4v\u00e4 on luultavasti olla Maailman s\u00f6p\u00f6in koira ja se onnistuukin siin\u00e4 varsin kiitett\u00e4v\u00e4sti. Se on my\u00f6s kovin helppo: tyytyv\u00e4isyysbarometri on tapissaan, kun tarjolla on kolme peruspilaria: ruokaa, pallonheittoa ja l\u00e4mmin pehme\u00e4 pes\u00e4 nukkumiseen. Sen lis\u00e4ksi masurapsutukset otetaan mieluusti vastaan. <\/p>\n<\/div>\n\t\t<\/div><\/div><div id=\"panel-10-2-0-1\" class=\"so-panel widget widget_sow-image panel-last-child\" data-index=\"3\" ><div style=\"text-align: left;\" data-title-color=\"#443f3f\" data-headings-color=\"#443f3f\" class=\"panel-widget-style panel-widget-style-for-10-2-0-1\" ><div\n\t\t\t\n\t\t\tclass=\"so-widget-sow-image so-widget-sow-image-default-d6014b76747a-10\"\n\t\t\t\n\t\t>\n\n<div class=\"sow-image-container\">\n\t\t<img decoding=\"async\" src=\"https:\/\/javanas.net\/testsite\/wp-content\/uploads\/2016\/10\/20170106-IMG_5447.jpg\" width=\"1000\" height=\"687\" srcset=\"https:\/\/javanas.net\/testsite\/wp-content\/uploads\/2016\/10\/20170106-IMG_5447.jpg 1000w, https:\/\/javanas.net\/testsite\/wp-content\/uploads\/2016\/10\/20170106-IMG_5447-300x206.jpg 300w, https:\/\/javanas.net\/testsite\/wp-content\/uploads\/2016\/10\/20170106-IMG_5447-768x528.jpg 768w, https:\/\/javanas.net\/testsite\/wp-content\/uploads\/2016\/10\/20170106-IMG_5447-830x570.jpg 830w, https:\/\/javanas.net\/testsite\/wp-content\/uploads\/2016\/10\/20170106-IMG_5447-230x158.jpg 230w, https:\/\/javanas.net\/testsite\/wp-content\/uploads\/2016\/10\/20170106-IMG_5447-350x240.jpg 350w, https:\/\/javanas.net\/testsite\/wp-content\/uploads\/2016\/10\/20170106-IMG_5447-480x330.jpg 480w\" sizes=\"auto, (max-width: 1000px) 100vw, 1000px\" title=\"Nati 9,5v\" alt=\"\" loading=\"lazy\" \t\tclass=\"so-widget-image\"\/>\n\t<\/div>\n\n<h3 class=\"widget-title\">Nati 9,5v<\/h3><\/div><\/div><\/div><\/div><\/div><\/div><div id=\"pg-10-3\"  class=\"panel-grid panel-has-style\" ><div class=\"siteorigin-panels-stretch panel-row-style panel-row-style-for-10-3\" style=\"padding: 10px 0; \" data-stretch-type=\"full\" data-overlay-color=\"#000000\" ><div id=\"pgc-10-3-0\"  class=\"panel-grid-cell\" ><div id=\"panel-10-3-0-0\" class=\"so-panel widget widget_sow-slider panel-first-child panel-last-child\" data-index=\"4\" ><div style=\"text-align: left;\" data-title-color=\"#443f3f\" data-headings-color=\"#443f3f\" class=\"panel-widget-style panel-widget-style-for-10-3-0-0\" ><div\n\t\t\t\n\t\t\tclass=\"so-widget-sow-slider so-widget-sow-slider-default-53fd0f98de19-10\"\n\t\t\t\n\t\t><div class=\"sow-slider-base\" style=\"display: none\"><ul\n\t\t\t\t\tclass=\"sow-slider-images\"\n\t\t\t\t\tdata-settings=\"{&quot;pagination&quot;:true,&quot;speed&quot;:800,&quot;timeout&quot;:8000,&quot;paused&quot;:false,&quot;pause_on_hover&quot;:false,&quot;swipe&quot;:true,&quot;nav_always_show_desktop&quot;:&quot;&quot;,&quot;nav_always_show_mobile&quot;:&quot;&quot;,&quot;breakpoint&quot;:&quot;780px&quot;,&quot;unmute&quot;:false,&quot;anchor&quot;:null}\"\n\t\t\t\t\t\t\t\t\t\tdata-anchor-id=\"\"\n\t\t\t\t>\t\t<li class=\"sow-slider-image  sow-slider-image-cover\" style=\"background-image: url(https:\/\/javanas.net\/testsite\/wp-content\/uploads\/2016\/10\/sniijajii.jpg)\" >\n\t\t\t\t\t\t\t\t\t<img fetchpriority=\"high\" decoding=\"async\" width=\"576\" height=\"498\" src=\"https:\/\/javanas.net\/testsite\/wp-content\/uploads\/2016\/10\/sniijajii.jpg\" class=\"sow-slider-background-image skip-lazy\" alt=\"\" loading=\"eager\" srcset=\"https:\/\/javanas.net\/testsite\/wp-content\/uploads\/2016\/10\/sniijajii.jpg 576w, https:\/\/javanas.net\/testsite\/wp-content\/uploads\/2016\/10\/sniijajii-300x259.jpg 300w, https:\/\/javanas.net\/testsite\/wp-content\/uploads\/2016\/10\/sniijajii-230x199.jpg 230w, https:\/\/javanas.net\/testsite\/wp-content\/uploads\/2016\/10\/sniijajii-350x303.jpg 350w, https:\/\/javanas.net\/testsite\/wp-content\/uploads\/2016\/10\/sniijajii-480x415.jpg 480w\" sizes=\"(max-width: 576px) 100vw, 576px\" \/>\t\t\t\t\t\t\t\t<\/li>\n\t\t\t\t<li class=\"sow-slider-image  sow-slider-image-cover\" style=\"background-image: url(https:\/\/javanas.net\/testsite\/wp-content\/uploads\/2016\/10\/NatiRTEspoossa.jpg)\" >\n\t\t\t\t\t\t\t\t\t<img decoding=\"async\" width=\"400\" height=\"346\" src=\"https:\/\/javanas.net\/testsite\/wp-content\/uploads\/2016\/10\/NatiRTEspoossa.jpg\" class=\"sow-slider-background-image skip-lazy\" alt=\"\" loading=\"eager\" srcset=\"https:\/\/javanas.net\/testsite\/wp-content\/uploads\/2016\/10\/NatiRTEspoossa.jpg 400w, https:\/\/javanas.net\/testsite\/wp-content\/uploads\/2016\/10\/NatiRTEspoossa-300x260.jpg 300w, https:\/\/javanas.net\/testsite\/wp-content\/uploads\/2016\/10\/NatiRTEspoossa-230x199.jpg 230w, https:\/\/javanas.net\/testsite\/wp-content\/uploads\/2016\/10\/NatiRTEspoossa-350x303.jpg 350w\" sizes=\"(max-width: 400px) 100vw, 400px\" \/>\t\t\t\t\t\t\t\t<\/li>\n\t\t\t\t<li class=\"sow-slider-image  sow-slider-image-cover\" style=\"background-image: url(https:\/\/javanas.net\/testsite\/wp-content\/uploads\/2016\/10\/IMG_0367.jpg)\" >\n\t\t\t\t\t\t\t\t\t<img decoding=\"async\" width=\"640\" height=\"453\" src=\"https:\/\/javanas.net\/testsite\/wp-content\/uploads\/2016\/10\/IMG_0367.jpg\" class=\"sow-slider-background-image skip-lazy\" alt=\"\" loading=\"eager\" srcset=\"https:\/\/javanas.net\/testsite\/wp-content\/uploads\/2016\/10\/IMG_0367.jpg 640w, https:\/\/javanas.net\/testsite\/wp-content\/uploads\/2016\/10\/IMG_0367-300x212.jpg 300w, https:\/\/javanas.net\/testsite\/wp-content\/uploads\/2016\/10\/IMG_0367-230x163.jpg 230w, https:\/\/javanas.net\/testsite\/wp-content\/uploads\/2016\/10\/IMG_0367-350x248.jpg 350w, https:\/\/javanas.net\/testsite\/wp-content\/uploads\/2016\/10\/IMG_0367-480x340.jpg 480w\" sizes=\"(max-width: 640px) 100vw, 640px\" \/>\t\t\t\t\t\t\t\t<\/li>\n\t\t\t\t<li class=\"sow-slider-image  sow-slider-image-cover\" style=\"background-image: url(https:\/\/javanas.net\/testsite\/wp-content\/uploads\/2016\/10\/nati55v.jpg)\" >\n\t\t\t\t\t\t\t\t\t<img decoding=\"async\" width=\"640\" height=\"426\" src=\"https:\/\/javanas.net\/testsite\/wp-content\/uploads\/2016\/10\/nati55v.jpg\" class=\"sow-slider-background-image skip-lazy\" alt=\"\" loading=\"eager\" srcset=\"https:\/\/javanas.net\/testsite\/wp-content\/uploads\/2016\/10\/nati55v.jpg 640w, https:\/\/javanas.net\/testsite\/wp-content\/uploads\/2016\/10\/nati55v-300x200.jpg 300w, https:\/\/javanas.net\/testsite\/wp-content\/uploads\/2016\/10\/nati55v-230x153.jpg 230w, https:\/\/javanas.net\/testsite\/wp-content\/uploads\/2016\/10\/nati55v-350x233.jpg 350w, https:\/\/javanas.net\/testsite\/wp-content\/uploads\/2016\/10\/nati55v-480x320.jpg 480w, https:\/\/javanas.net\/testsite\/wp-content\/uploads\/2016\/10\/nati55v-272x182.jpg 272w\" sizes=\"(max-width: 640px) 100vw, 640px\" \/>\t\t\t\t\t\t\t\t<\/li>\n\t\t\t\t<li class=\"sow-slider-image  sow-slider-image-cover\" style=\"background-image: url(https:\/\/javanas.net\/testsite\/wp-content\/uploads\/2016\/10\/IMG_1635.jpg)\" >\n\t\t\t\t\t\t\t\t\t<img decoding=\"async\" width=\"1912\" height=\"1274\" src=\"https:\/\/javanas.net\/testsite\/wp-content\/uploads\/2016\/10\/IMG_1635.jpg\" class=\"sow-slider-background-image skip-lazy\" alt=\"\" loading=\"eager\" srcset=\"https:\/\/javanas.net\/testsite\/wp-content\/uploads\/2016\/10\/IMG_1635.jpg 1912w, https:\/\/javanas.net\/testsite\/wp-content\/uploads\/2016\/10\/IMG_1635-300x200.jpg 300w, https:\/\/javanas.net\/testsite\/wp-content\/uploads\/2016\/10\/IMG_1635-768x512.jpg 768w, https:\/\/javanas.net\/testsite\/wp-content\/uploads\/2016\/10\/IMG_1635-1024x682.jpg 1024w, https:\/\/javanas.net\/testsite\/wp-content\/uploads\/2016\/10\/IMG_1635-830x553.jpg 830w, https:\/\/javanas.net\/testsite\/wp-content\/uploads\/2016\/10\/IMG_1635-230x153.jpg 230w, https:\/\/javanas.net\/testsite\/wp-content\/uploads\/2016\/10\/IMG_1635-350x233.jpg 350w, https:\/\/javanas.net\/testsite\/wp-content\/uploads\/2016\/10\/IMG_1635-480x320.jpg 480w, https:\/\/javanas.net\/testsite\/wp-content\/uploads\/2016\/10\/IMG_1635-272x182.jpg 272w\" sizes=\"(max-width: 1912px) 100vw, 1912px\" \/>\t\t\t\t\t\t\t\t<\/li>\n\t\t\t\t<li class=\"sow-slider-image  sow-slider-image-cover\" style=\"background-image: url(https:\/\/javanas.net\/testsite\/wp-content\/uploads\/2016\/10\/IMG_2625.jpg)\" >\n\t\t\t\t\t\t\t\t\t<img decoding=\"async\" width=\"1910\" height=\"1274\" src=\"https:\/\/javanas.net\/testsite\/wp-content\/uploads\/2016\/10\/IMG_2625.jpg\" class=\"sow-slider-background-image skip-lazy\" alt=\"\" loading=\"eager\" srcset=\"https:\/\/javanas.net\/testsite\/wp-content\/uploads\/2016\/10\/IMG_2625.jpg 1910w, https:\/\/javanas.net\/testsite\/wp-content\/uploads\/2016\/10\/IMG_2625-300x200.jpg 300w, https:\/\/javanas.net\/testsite\/wp-content\/uploads\/2016\/10\/IMG_2625-768x512.jpg 768w, https:\/\/javanas.net\/testsite\/wp-content\/uploads\/2016\/10\/IMG_2625-1024x683.jpg 1024w, https:\/\/javanas.net\/testsite\/wp-content\/uploads\/2016\/10\/IMG_2625-830x554.jpg 830w, https:\/\/javanas.net\/testsite\/wp-content\/uploads\/2016\/10\/IMG_2625-230x153.jpg 230w, https:\/\/javanas.net\/testsite\/wp-content\/uploads\/2016\/10\/IMG_2625-350x233.jpg 350w, https:\/\/javanas.net\/testsite\/wp-content\/uploads\/2016\/10\/IMG_2625-480x320.jpg 480w, https:\/\/javanas.net\/testsite\/wp-content\/uploads\/2016\/10\/IMG_2625-272x182.jpg 272w\" sizes=\"(max-width: 1910px) 100vw, 1910px\" \/>\t\t\t\t\t\t\t\t<\/li>\n\t\t\t\t<li class=\"sow-slider-image  sow-slider-image-cover\" style=\"background-image: url(https:\/\/javanas.net\/testsite\/wp-content\/uploads\/2016\/10\/IMG_8127.jpg)\" >\n\t\t\t\t\t\t\t\t\t<img decoding=\"async\" width=\"640\" height=\"453\" src=\"https:\/\/javanas.net\/testsite\/wp-content\/uploads\/2016\/10\/IMG_8127.jpg\" class=\"sow-slider-background-image skip-lazy\" alt=\"\" loading=\"eager\" srcset=\"https:\/\/javanas.net\/testsite\/wp-content\/uploads\/2016\/10\/IMG_8127.jpg 640w, https:\/\/javanas.net\/testsite\/wp-content\/uploads\/2016\/10\/IMG_8127-300x212.jpg 300w, https:\/\/javanas.net\/testsite\/wp-content\/uploads\/2016\/10\/IMG_8127-230x163.jpg 230w, https:\/\/javanas.net\/testsite\/wp-content\/uploads\/2016\/10\/IMG_8127-350x248.jpg 350w, https:\/\/javanas.net\/testsite\/wp-content\/uploads\/2016\/10\/IMG_8127-480x340.jpg 480w\" sizes=\"(max-width: 640px) 100vw, 640px\" \/>\t\t\t\t\t\t\t\t<\/li>\n\t\t<\/ul>\t\t\t\t<ol class=\"sow-slider-pagination\">\n\t\t\t\t\t\t\t\t\t\t\t<li><a href=\"#\" data-goto=\"0\" aria-label=\"display slide 1\"><\/a><\/li>\n\t\t\t\t\t\t\t\t\t\t\t<li><a href=\"#\" data-goto=\"1\" aria-label=\"display slide 2\"><\/a><\/li>\n\t\t\t\t\t\t\t\t\t\t\t<li><a href=\"#\" data-goto=\"2\" aria-label=\"display slide 3\"><\/a><\/li>\n\t\t\t\t\t\t\t\t\t\t\t<li><a href=\"#\" data-goto=\"3\" aria-label=\"display slide 4\"><\/a><\/li>\n\t\t\t\t\t\t\t\t\t\t\t<li><a href=\"#\" data-goto=\"4\" aria-label=\"display slide 5\"><\/a><\/li>\n\t\t\t\t\t\t\t\t\t\t\t<li><a href=\"#\" data-goto=\"5\" aria-label=\"display slide 6\"><\/a><\/li>\n\t\t\t\t\t\t\t\t\t\t\t<li><a href=\"#\" data-goto=\"6\" aria-label=\"display slide 7\"><\/a><\/li>\n\t\t\t\t\t\t\t\t\t<\/ol>\n\n\t\t\t\t<div class=\"sow-slide-nav sow-slide-nav-next\">\n\t\t\t\t\t<a href=\"#\" data-goto=\"next\" aria-label=\"next slide\" data-action=\"next\">\n\t\t\t\t\t\t<em class=\"sow-sld-icon-thin-right\"><\/em>\n\t\t\t\t\t<\/a>\n\t\t\t\t<\/div>\n\n\t\t\t\t<div class=\"sow-slide-nav sow-slide-nav-prev\">\n\t\t\t\t\t<a href=\"#\" data-goto=\"previous\" aria-label=\"previous slide\" data-action=\"prev\">\n\t\t\t\t\t\t<em class=\"sow-sld-icon-thin-left\"><\/em>\n\t\t\t\t\t<\/a>\n\t\t\t\t<\/div>\n\t\t\t\t<\/div><\/div><\/div><\/div><\/div><\/div><\/div><\/div>","protected":false},"excerpt":{"rendered":"<p>Nimi: Sunsweet Child of the Night Is\u00e4: Blenmerrow Lambada Let&#8217;s Boogie Em\u00e4: Kuukivi Paike 14.7.2007-29.4.2020 Korkeus: 34 cm V\u00e4ri: Tricolor Terveys: Lonkat: [&hellip;]<\/p>\n","protected":false},"author":1,"featured_media":11,"parent":0,"menu_order":0,"comment_status":"closed","ping_status":"closed","template":"","meta":{"footnotes":""},"class_list":["post-10","page","type-page","status-publish","has-post-thumbnail","hentry"],"_links":{"self":[{"href":"https:\/\/javanas.net\/testsite\/wp-json\/wp\/v2\/pages\/10","targetHints":{"allow":["GET"]}}],"collection":[{"href":"https:\/\/javanas.net\/testsite\/wp-json\/wp\/v2\/pages"}],"about":[{"href":"https:\/\/javanas.net\/testsite\/wp-json\/wp\/v2\/types\/page"}],"author":[{"embeddable":true,"href":"https:\/\/javanas.net\/testsite\/wp-json\/wp\/v2\/users\/1"}],"replies":[{"embeddable":true,"href":"https:\/\/javanas.net\/testsite\/wp-json\/wp\/v2\/comments?post=10"}],"version-history":[{"count":12,"href":"https:\/\/javanas.net\/testsite\/wp-json\/wp\/v2\/pages\/10\/revisions"}],"predecessor-version":[{"id":504,"href":"https:\/\/javanas.net\/testsite\/wp-json\/wp\/v2\/pages\/10\/revisions\/504"}],"wp:featuredmedia":[{"embeddable":true,"href":"https:\/\/javanas.net\/testsite\/wp-json\/wp\/v2\/media\/11"}],"wp:attachment":[{"href":"https:\/\/javanas.net\/testsite\/wp-json\/wp\/v2\/media?parent=10"}],"curies":[{"name":"wp","href":"https:\/\/api.w.org\/{rel}","templated":true}]}}