{"id":16,"date":"2016-10-31T13:22:09","date_gmt":"2016-10-31T13:22:09","guid":{"rendered":"http:\/\/javanas.net\/testsite\/?page_id=16"},"modified":"2024-07-14T17:01:39","modified_gmt":"2024-07-14T15:01:39","slug":"iona","status":"publish","type":"page","link":"https:\/\/javanas.net\/testsite\/iona\/","title":{"rendered":"Iona"},"content":{"rendered":"<div id=\"pl-16\"  class=\"panel-layout\" ><div id=\"pg-16-0\"  class=\"panel-grid panel-has-style\" ><div class=\"siteorigin-panels-stretch mob-pad-0 panel-row-style panel-row-style-for-16-0\" style=\"background-image: url(https:\/\/javanas.net\/testsite\/wp-content\/uploads\/2016\/10\/20200111-20200111-IMG_9068.jpg);padding: 30px 0; \" data-stretch-type=\"full\" data-hasbg=\"hasbg\" data-overlay-color=\"#ffffff\" ><div id=\"pgc-16-0-0\"  class=\"panel-grid-cell panel-grid-cell-mobile-last\" ><div id=\"panel-16-0-0-0\" class=\"so-panel widget widget_text panel-first-child panel-last-child\" data-index=\"0\" ><div style=\"text-align: left;\" data-title-color=\"#ffffff\" data-headings-color=\"#ffffff\" class=\"panel-widget-style panel-widget-style-for-16-0-0-0\" >\t\t\t<div class=\"textwidget\"><p>Nimi: FI AVA FI AVA-H K\u00e4pylaakson Ilon Tuoja<\/p>\n<p>Is\u00e4: Yokotai Blue Moon<br \/>\nEm\u00e4: K\u00e4pylaakson Crazy Lady<\/p>\n<p>Syntynyt: 13.2.2015<\/p>\n<p>Silm\u00e4t: Terveet pentuna ja aikuisena (04\/2016)<br \/>\nLonkat: A\/A<br \/>\nKyyn\u00e4r\u00e4t: 0\/0<br \/>\nPolvet: 0\/0<br \/>\nSelk\u00e4: VA0, LTV0<\/p>\n<p>MRD1: +\/-<br \/>\nCEA: +\/-<br \/>\nCNGA-PRA1: -\/-<br \/>\nvWB: -\/-<\/p>\n<p>N\u00e4yttelyt: JUN-ERI<\/p>\n<\/div>\n\t\t<\/div><\/div><\/div><div id=\"pgc-16-0-1\"  class=\"panel-grid-cell panel-grid-cell-empty\" ><\/div><\/div><\/div><div id=\"pg-16-1\"  class=\"panel-grid panel-has-style\" ><div style=\"padding: 10px 0; \" data-overlay=\"true\" data-overlay-color=\"#000000\" class=\"panel-row-style panel-row-style-for-16-1\" ><div id=\"pgc-16-1-0\"  class=\"panel-grid-cell\" ><div id=\"panel-16-1-0-0\" class=\"so-panel widget widget_sow-button panel-first-child panel-last-child\" data-index=\"1\" ><div style=\"text-align: left;\" data-title-color=\"#443f3f\" data-headings-color=\"#443f3f\" class=\"panel-widget-style panel-widget-style-for-16-1-0-0\" ><div\n\t\t\t\n\t\t\tclass=\"so-widget-sow-button so-widget-sow-button-atom-9a528beab4c9-16\"\n\t\t\t\n\t\t><div class=\"ow-button-base ow-button-align-center\">\n\t<a href=\"http:\/\/jalostus.kennelliitto.fi\/frmKoira.aspx?RekNo=FI22194%2F15&#038;R=88\" class=\"ow-icon-placement-left ow-button-hover\" target=\"_blank\" rel=\"noopener noreferrer\" \t\t>\n\t\t<span>\n\t\t\t<span class=\"sow-icon-fontawesome sow-fas\" data-sow-icon=\"&#xf3a5;\"\n\t\t \n\t\taria-hidden=\"true\"><\/span>\n\t\t\tIona KoiraNetiss\u00e4\t\t<\/span>\n\t<\/a>\n<\/div>\n<\/div><\/div><\/div><\/div><\/div><\/div><div id=\"pg-16-2\"  class=\"panel-grid panel-has-style\" ><div style=\"padding: 20px 0; \" data-overlay=\"true\" data-overlay-color=\"#000000\" class=\"panel-row-style panel-row-style-for-16-2\" ><div id=\"pgc-16-2-0\"  class=\"panel-grid-cell\" ><div id=\"panel-16-2-0-0\" class=\"so-panel widget widget_sow-editor panel-first-child\" data-index=\"2\" ><div style=\"text-align: left;\" data-title-color=\"#443f3f\" data-headings-color=\"#443f3f\" class=\"panel-widget-style panel-widget-style-for-16-2-0-0\" ><div\n\t\t\t\n\t\t\tclass=\"so-widget-sow-editor so-widget-sow-editor-base\"\n\t\t\t\n\t\t>\n<div class=\"siteorigin-widget-tinymce textwidget\">\n\t<p>En ihan tiennyt mink\u00e4lainen persoona pikkuapinasta kasvaa, kun siihen silm\u00e4ni iskin ensitapaamisellamme viisiviikkoisena. Minun ei pit\u00e4nyt ottaa narttua kotiin, vaan t\u00e4m\u00e4 merlentuholainen oli p\u00e4\u00e4tt\u00e4nyt j\u00e4tt\u00e4\u00e4 moiset kommentit ja mielipiteet t\u00e4ysin huomioimatta. Siin\u00e4 oli aikalailla kaikki muu kohdallaan: rakenne, koko, suku ja mik\u00e4 luonne!<\/p>\n<p>Niimp\u00e4 t\u00e4ysin vastoin j\u00e4rjen \u00e4\u00e4nt\u00e4 istuskeltuani er\u00e4\u00e4n\u00e4 maanantai-iltana useamman tunnin pentuhuoneen lattialla kahdeksan viikkoisten penturiivi\u00f6iden kanssa minun oli pakko todeta, ett\u00e4 en vaan pysty vastustamaan ja pentu l\u00e4htee meille.\u00a0Minusta on jopa v\u00e4h\u00e4n pelottavaa, miten oikeasti toiveet voi toteutua. Minullehan oli ihan itsest\u00e4\u00e4nselv\u00e4\u00e4, ett\u00e4 ehdottomasti haluan Javan j\u00e4lkikasvua pit\u00e4m\u00e4\u00e4n t\u00f6tter\u00f6h\u00e4ntien loistokasta perinnett\u00e4 yll\u00e4 tulevaisuudessakin ja siin\u00e4 sen on. Jos vaan mahdollista, niin hitusen enemm\u00e4n turboahdettuna ja kauniilla neitisilmill\u00e4 varustettuna.<\/p>\n<p>Siit\u00e4 on sit\u00e4 my\u00f6ten kasvanut kyll\u00e4 t\u00e4ysin ennakkovaroituksiensa mukainen vilkas, utelias, t\u00f6it\u00e4 rakastava, taistelutahtoinen pieni apina, jolla on aina ja jatkuvasti joku pikkujekku mieless\u00e4. Se on vauhdikas huikealla kropanhallinnalla varustettu superahne paketti, joka kuitenkin arvostaa suuresti silityksi\u00e4 ja rapsutuksia. Joka ilta se viikkaa itsens\u00e4 nukkumaan ihan jalan viereen ja yleens\u00e4 v\u00e4h\u00e4n p\u00e4\u00e4llekkin, koska se on suurempaa rakkautta h\u00e4nen maailmassaan.<\/p>\n<p>Ionaon kuin syntynyt tekem\u00e4\u00e4n agility\u00e4 ja siin\u00e4 on \u00e4kki\u00e4 kipparikin vaan tiell\u00e4, kun vauhtimarsu p\u00e4\u00e4stet\u00e4\u00e4n irti. Saavutuksia t\u00e4h\u00e4n menness\u00e4 mm.<\/p>\n<ul>\n<li>Snooker SM-2 \u00a0&amp; gamblers SM-5 2023<\/li>\n<li>Agility games SM joukkuehopea 2024<\/li>\n<li>Agilityn SM2019 esikisojen agiradan voitto (1\/116)<\/li>\n<li>AGISM2019 finaalipaikka<\/li>\n<li>International Sheltie Agility Championships 2019 karsintaratojen 2. &amp; 4. (130 koiraa)<\/li>\n<li>ISAC grand final 4.<\/li>\n<li>HSKP joukkuekulta 2022<\/li>\n<li>Shelttimestaruus 2022<\/li>\n<li>SM-5 2022<\/li>\n<li>HalliSM-6 2023<\/li>\n<li>Etel\u00e4-Suomen Shelttien Vuoden Agilitysheltti 2022<\/li>\n<\/ul>\n<\/div>\n<\/div><\/div><\/div><div id=\"panel-16-2-0-1\" class=\"so-panel widget widget_sow-image\" data-index=\"3\" ><div style=\"text-align: left;\" data-title-color=\"#443f3f\" data-headings-color=\"#443f3f\" class=\"panel-widget-style panel-widget-style-for-16-2-0-1\" ><div\n\t\t\t\n\t\t\tclass=\"so-widget-sow-image so-widget-sow-image-default-d6014b76747a-16\"\n\t\t\t\n\t\t>\n\n<div class=\"sow-image-container\">\n\t\t<img decoding=\"async\" src=\"https:\/\/javanas.net\/testsite\/wp-content\/uploads\/2016\/10\/20200126-20200126-IMG_9271.jpg\" width=\"1000\" height=\"693\" srcset=\"https:\/\/javanas.net\/testsite\/wp-content\/uploads\/2016\/10\/20200126-20200126-IMG_9271.jpg 1000w, https:\/\/javanas.net\/testsite\/wp-content\/uploads\/2016\/10\/20200126-20200126-IMG_9271-300x208.jpg 300w, https:\/\/javanas.net\/testsite\/wp-content\/uploads\/2016\/10\/20200126-20200126-IMG_9271-768x532.jpg 768w, https:\/\/javanas.net\/testsite\/wp-content\/uploads\/2016\/10\/20200126-20200126-IMG_9271-830x575.jpg 830w, https:\/\/javanas.net\/testsite\/wp-content\/uploads\/2016\/10\/20200126-20200126-IMG_9271-230x159.jpg 230w, https:\/\/javanas.net\/testsite\/wp-content\/uploads\/2016\/10\/20200126-20200126-IMG_9271-350x243.jpg 350w, https:\/\/javanas.net\/testsite\/wp-content\/uploads\/2016\/10\/20200126-20200126-IMG_9271-480x333.jpg 480w\" sizes=\"auto, (max-width: 1000px) 100vw, 1000px\" title=\"FI AVA-H\" alt=\"Hyppyvalio\" loading=\"lazy\" \t\tclass=\"so-widget-image\"\/>\n\t<\/div>\n\n<h3 class=\"widget-title\">FI AVA-H<\/h3><\/div><\/div><\/div><div id=\"panel-16-2-0-2\" class=\"so-panel widget widget_sow-image\" data-index=\"4\" ><div style=\"text-align: left;\" data-title-color=\"#443f3f\" data-headings-color=\"#443f3f\" class=\"panel-widget-style panel-widget-style-for-16-2-0-2\" ><div\n\t\t\t\n\t\t\tclass=\"so-widget-sow-image so-widget-sow-image-default-d6014b76747a-16\"\n\t\t\t\n\t\t>\n\n<div class=\"sow-image-container\">\n\t\t<img decoding=\"async\" src=\"https:\/\/javanas.net\/testsite\/wp-content\/uploads\/2016\/10\/20161201-IMG_4122.jpg\" width=\"1000\" height=\"673\" srcset=\"https:\/\/javanas.net\/testsite\/wp-content\/uploads\/2016\/10\/20161201-IMG_4122.jpg 1000w, https:\/\/javanas.net\/testsite\/wp-content\/uploads\/2016\/10\/20161201-IMG_4122-300x202.jpg 300w, https:\/\/javanas.net\/testsite\/wp-content\/uploads\/2016\/10\/20161201-IMG_4122-768x517.jpg 768w, https:\/\/javanas.net\/testsite\/wp-content\/uploads\/2016\/10\/20161201-IMG_4122-830x559.jpg 830w, https:\/\/javanas.net\/testsite\/wp-content\/uploads\/2016\/10\/20161201-IMG_4122-230x155.jpg 230w, https:\/\/javanas.net\/testsite\/wp-content\/uploads\/2016\/10\/20161201-IMG_4122-350x236.jpg 350w, https:\/\/javanas.net\/testsite\/wp-content\/uploads\/2016\/10\/20161201-IMG_4122-480x323.jpg 480w, https:\/\/javanas.net\/testsite\/wp-content\/uploads\/2016\/10\/20161201-IMG_4122-272x182.jpg 272w\" sizes=\"auto, (max-width: 1000px) 100vw, 1000px\" title=\"Iona 21kk\" alt=\"\" loading=\"lazy\" \t\tclass=\"so-widget-image\"\/>\n\t<\/div>\n\n<h3 class=\"widget-title\">Iona 21kk<\/h3><\/div><\/div><\/div><div id=\"panel-16-2-0-3\" class=\"so-panel widget widget_sow-slider panel-last-child\" data-index=\"5\" ><div style=\"text-align: left;\" data-title-color=\"#443f3f\" data-headings-color=\"#443f3f\" class=\"panel-widget-style panel-widget-style-for-16-2-0-3\" ><div\n\t\t\t\n\t\t\tclass=\"so-widget-sow-slider so-widget-sow-slider-default-53fd0f98de19-16\"\n\t\t\t\n\t\t><div class=\"sow-slider-base\" style=\"display: none\"><ul\n\t\t\t\t\tclass=\"sow-slider-images\"\n\t\t\t\t\tdata-settings=\"{&quot;pagination&quot;:true,&quot;speed&quot;:800,&quot;timeout&quot;:4000,&quot;paused&quot;:false,&quot;pause_on_hover&quot;:false,&quot;swipe&quot;:true,&quot;nav_always_show_desktop&quot;:&quot;&quot;,&quot;nav_always_show_mobile&quot;:&quot;&quot;,&quot;breakpoint&quot;:&quot;780px&quot;,&quot;unmute&quot;:false,&quot;anchor&quot;:null}\"\n\t\t\t\t\t\t\t\t\t\tdata-anchor-id=\"\"\n\t\t\t\t>\t\t<li class=\"sow-slider-image  sow-slider-image-cover\" style=\"background-image: url(https:\/\/javanas.net\/testsite\/wp-content\/uploads\/2016\/10\/Iona14.jpg)\" >\n\t\t\t\t\t\t\t\t\t<img fetchpriority=\"high\" decoding=\"async\" width=\"2048\" height=\"1365\" src=\"https:\/\/javanas.net\/testsite\/wp-content\/uploads\/2016\/10\/Iona14.jpg\" class=\"sow-slider-background-image skip-lazy\" alt=\"\" loading=\"eager\" srcset=\"https:\/\/javanas.net\/testsite\/wp-content\/uploads\/2016\/10\/Iona14.jpg 2048w, https:\/\/javanas.net\/testsite\/wp-content\/uploads\/2016\/10\/Iona14-300x200.jpg 300w, https:\/\/javanas.net\/testsite\/wp-content\/uploads\/2016\/10\/Iona14-768x512.jpg 768w, https:\/\/javanas.net\/testsite\/wp-content\/uploads\/2016\/10\/Iona14-1024x683.jpg 1024w, https:\/\/javanas.net\/testsite\/wp-content\/uploads\/2016\/10\/Iona14-830x553.jpg 830w, https:\/\/javanas.net\/testsite\/wp-content\/uploads\/2016\/10\/Iona14-230x153.jpg 230w, https:\/\/javanas.net\/testsite\/wp-content\/uploads\/2016\/10\/Iona14-350x233.jpg 350w, https:\/\/javanas.net\/testsite\/wp-content\/uploads\/2016\/10\/Iona14-480x320.jpg 480w, https:\/\/javanas.net\/testsite\/wp-content\/uploads\/2016\/10\/Iona14-272x182.jpg 272w\" sizes=\"(max-width: 2048px) 100vw, 2048px\" \/>\t\t\t\t\t\t\t\t<\/li>\n\t\t\t\t<li class=\"sow-slider-image  sow-slider-image-cover\" style=\"background-image: url(https:\/\/javanas.net\/testsite\/wp-content\/uploads\/2016\/10\/Iona50.jpg)\" >\n\t\t\t\t\t\t\t\t\t<img decoding=\"async\" width=\"2048\" height=\"1366\" src=\"https:\/\/javanas.net\/testsite\/wp-content\/uploads\/2016\/10\/Iona50.jpg\" class=\"sow-slider-background-image skip-lazy\" alt=\"\" loading=\"eager\" srcset=\"https:\/\/javanas.net\/testsite\/wp-content\/uploads\/2016\/10\/Iona50.jpg 2048w, https:\/\/javanas.net\/testsite\/wp-content\/uploads\/2016\/10\/Iona50-300x200.jpg 300w, https:\/\/javanas.net\/testsite\/wp-content\/uploads\/2016\/10\/Iona50-768x512.jpg 768w, https:\/\/javanas.net\/testsite\/wp-content\/uploads\/2016\/10\/Iona50-1024x683.jpg 1024w, https:\/\/javanas.net\/testsite\/wp-content\/uploads\/2016\/10\/Iona50-830x554.jpg 830w, https:\/\/javanas.net\/testsite\/wp-content\/uploads\/2016\/10\/Iona50-230x153.jpg 230w, https:\/\/javanas.net\/testsite\/wp-content\/uploads\/2016\/10\/Iona50-350x233.jpg 350w, https:\/\/javanas.net\/testsite\/wp-content\/uploads\/2016\/10\/Iona50-480x320.jpg 480w\" sizes=\"(max-width: 2048px) 100vw, 2048px\" \/>\t\t\t\t\t\t\t\t<\/li>\n\t\t\t\t<li class=\"sow-slider-image  sow-slider-image-cover\" style=\"background-image: url(https:\/\/javanas.net\/testsite\/wp-content\/uploads\/2016\/10\/Iona108.jpg)\" >\n\t\t\t\t\t\t\t\t\t<img decoding=\"async\" width=\"2048\" height=\"1366\" src=\"https:\/\/javanas.net\/testsite\/wp-content\/uploads\/2016\/10\/Iona108.jpg\" class=\"sow-slider-background-image skip-lazy\" alt=\"\" loading=\"eager\" srcset=\"https:\/\/javanas.net\/testsite\/wp-content\/uploads\/2016\/10\/Iona108.jpg 2048w, https:\/\/javanas.net\/testsite\/wp-content\/uploads\/2016\/10\/Iona108-300x200.jpg 300w, https:\/\/javanas.net\/testsite\/wp-content\/uploads\/2016\/10\/Iona108-768x512.jpg 768w, https:\/\/javanas.net\/testsite\/wp-content\/uploads\/2016\/10\/Iona108-1024x683.jpg 1024w, https:\/\/javanas.net\/testsite\/wp-content\/uploads\/2016\/10\/Iona108-830x554.jpg 830w, https:\/\/javanas.net\/testsite\/wp-content\/uploads\/2016\/10\/Iona108-230x153.jpg 230w, https:\/\/javanas.net\/testsite\/wp-content\/uploads\/2016\/10\/Iona108-350x233.jpg 350w, https:\/\/javanas.net\/testsite\/wp-content\/uploads\/2016\/10\/Iona108-480x320.jpg 480w, https:\/\/javanas.net\/testsite\/wp-content\/uploads\/2016\/10\/Iona108-272x182.jpg 272w\" sizes=\"(max-width: 2048px) 100vw, 2048px\" \/>\t\t\t\t\t\t\t\t<\/li>\n\t\t\t\t<li class=\"sow-slider-image  sow-slider-image-cover\" style=\"background-image: url(https:\/\/javanas.net\/testsite\/wp-content\/uploads\/2016\/10\/Iona46.jpg)\" >\n\t\t\t\t\t\t\t\t\t<img decoding=\"async\" width=\"2048\" height=\"1365\" src=\"https:\/\/javanas.net\/testsite\/wp-content\/uploads\/2016\/10\/Iona46.jpg\" class=\"sow-slider-background-image skip-lazy\" alt=\"\" loading=\"eager\" srcset=\"https:\/\/javanas.net\/testsite\/wp-content\/uploads\/2016\/10\/Iona46.jpg 2048w, https:\/\/javanas.net\/testsite\/wp-content\/uploads\/2016\/10\/Iona46-300x200.jpg 300w, https:\/\/javanas.net\/testsite\/wp-content\/uploads\/2016\/10\/Iona46-768x512.jpg 768w, https:\/\/javanas.net\/testsite\/wp-content\/uploads\/2016\/10\/Iona46-1024x683.jpg 1024w, https:\/\/javanas.net\/testsite\/wp-content\/uploads\/2016\/10\/Iona46-830x553.jpg 830w, https:\/\/javanas.net\/testsite\/wp-content\/uploads\/2016\/10\/Iona46-230x153.jpg 230w, https:\/\/javanas.net\/testsite\/wp-content\/uploads\/2016\/10\/Iona46-350x233.jpg 350w, https:\/\/javanas.net\/testsite\/wp-content\/uploads\/2016\/10\/Iona46-480x320.jpg 480w, https:\/\/javanas.net\/testsite\/wp-content\/uploads\/2016\/10\/Iona46-272x182.jpg 272w\" sizes=\"(max-width: 2048px) 100vw, 2048px\" \/>\t\t\t\t\t\t\t\t<\/li>\n\t\t\t\t<li class=\"sow-slider-image  sow-slider-image-cover\" style=\"background-image: url(https:\/\/javanas.net\/testsite\/wp-content\/uploads\/2016\/10\/Iona128.jpg)\" >\n\t\t\t\t\t\t\t\t\t<img decoding=\"async\" width=\"2048\" height=\"1366\" src=\"https:\/\/javanas.net\/testsite\/wp-content\/uploads\/2016\/10\/Iona128.jpg\" class=\"sow-slider-background-image skip-lazy\" alt=\"\" loading=\"eager\" srcset=\"https:\/\/javanas.net\/testsite\/wp-content\/uploads\/2016\/10\/Iona128.jpg 2048w, https:\/\/javanas.net\/testsite\/wp-content\/uploads\/2016\/10\/Iona128-300x200.jpg 300w, https:\/\/javanas.net\/testsite\/wp-content\/uploads\/2016\/10\/Iona128-768x512.jpg 768w, https:\/\/javanas.net\/testsite\/wp-content\/uploads\/2016\/10\/Iona128-1024x683.jpg 1024w, https:\/\/javanas.net\/testsite\/wp-content\/uploads\/2016\/10\/Iona128-830x554.jpg 830w, https:\/\/javanas.net\/testsite\/wp-content\/uploads\/2016\/10\/Iona128-230x153.jpg 230w, https:\/\/javanas.net\/testsite\/wp-content\/uploads\/2016\/10\/Iona128-350x233.jpg 350w, https:\/\/javanas.net\/testsite\/wp-content\/uploads\/2016\/10\/Iona128-480x320.jpg 480w, https:\/\/javanas.net\/testsite\/wp-content\/uploads\/2016\/10\/Iona128-272x182.jpg 272w\" sizes=\"(max-width: 2048px) 100vw, 2048px\" \/>\t\t\t\t\t\t\t\t<\/li>\n\t\t\t\t<li class=\"sow-slider-image  sow-slider-image-cover\" style=\"background-image: url(https:\/\/javanas.net\/testsite\/wp-content\/uploads\/2016\/10\/Iona126.jpg)\" >\n\t\t\t\t\t\t\t\t\t<img decoding=\"async\" width=\"2048\" height=\"1366\" src=\"https:\/\/javanas.net\/testsite\/wp-content\/uploads\/2016\/10\/Iona126.jpg\" class=\"sow-slider-background-image skip-lazy\" alt=\"\" loading=\"eager\" srcset=\"https:\/\/javanas.net\/testsite\/wp-content\/uploads\/2016\/10\/Iona126.jpg 2048w, https:\/\/javanas.net\/testsite\/wp-content\/uploads\/2016\/10\/Iona126-300x200.jpg 300w, https:\/\/javanas.net\/testsite\/wp-content\/uploads\/2016\/10\/Iona126-768x512.jpg 768w, https:\/\/javanas.net\/testsite\/wp-content\/uploads\/2016\/10\/Iona126-1024x683.jpg 1024w, https:\/\/javanas.net\/testsite\/wp-content\/uploads\/2016\/10\/Iona126-830x554.jpg 830w, https:\/\/javanas.net\/testsite\/wp-content\/uploads\/2016\/10\/Iona126-230x153.jpg 230w, https:\/\/javanas.net\/testsite\/wp-content\/uploads\/2016\/10\/Iona126-350x233.jpg 350w, https:\/\/javanas.net\/testsite\/wp-content\/uploads\/2016\/10\/Iona126-480x320.jpg 480w, https:\/\/javanas.net\/testsite\/wp-content\/uploads\/2016\/10\/Iona126-272x182.jpg 272w\" sizes=\"(max-width: 2048px) 100vw, 2048px\" \/>\t\t\t\t\t\t\t\t<\/li>\n\t\t<\/ul>\t\t\t\t<ol class=\"sow-slider-pagination\">\n\t\t\t\t\t\t\t\t\t\t\t<li><a href=\"#\" data-goto=\"0\" aria-label=\"display slide 1\"><\/a><\/li>\n\t\t\t\t\t\t\t\t\t\t\t<li><a href=\"#\" data-goto=\"1\" aria-label=\"display slide 2\"><\/a><\/li>\n\t\t\t\t\t\t\t\t\t\t\t<li><a href=\"#\" data-goto=\"2\" aria-label=\"display slide 3\"><\/a><\/li>\n\t\t\t\t\t\t\t\t\t\t\t<li><a href=\"#\" data-goto=\"3\" aria-label=\"display slide 4\"><\/a><\/li>\n\t\t\t\t\t\t\t\t\t\t\t<li><a href=\"#\" data-goto=\"4\" aria-label=\"display slide 5\"><\/a><\/li>\n\t\t\t\t\t\t\t\t\t\t\t<li><a href=\"#\" data-goto=\"5\" aria-label=\"display slide 6\"><\/a><\/li>\n\t\t\t\t\t\t\t\t\t<\/ol>\n\n\t\t\t\t<div class=\"sow-slide-nav sow-slide-nav-next\">\n\t\t\t\t\t<a href=\"#\" data-goto=\"next\" aria-label=\"next slide\" data-action=\"next\">\n\t\t\t\t\t\t<em class=\"sow-sld-icon-thin-right\"><\/em>\n\t\t\t\t\t<\/a>\n\t\t\t\t<\/div>\n\n\t\t\t\t<div class=\"sow-slide-nav sow-slide-nav-prev\">\n\t\t\t\t\t<a href=\"#\" data-goto=\"previous\" aria-label=\"previous slide\" data-action=\"prev\">\n\t\t\t\t\t\t<em class=\"sow-sld-icon-thin-left\"><\/em>\n\t\t\t\t\t<\/a>\n\t\t\t\t<\/div>\n\t\t\t\t<\/div><\/div><\/div><\/div><\/div><\/div><\/div><\/div>","protected":false},"excerpt":{"rendered":"<p>Nimi: FI AVA FI AVA-H K\u00e4pylaakson Ilon Tuoja Is\u00e4: Yokotai Blue Moon Em\u00e4: K\u00e4pylaakson Crazy Lady Syntynyt: 13.2.2015 Silm\u00e4t: Terveet pentuna ja [&hellip;]<\/p>\n","protected":false},"author":1,"featured_media":0,"parent":0,"menu_order":0,"comment_status":"closed","ping_status":"closed","template":"","meta":{"footnotes":""},"class_list":["post-16","page","type-page","status-publish","hentry"],"_links":{"self":[{"href":"https:\/\/javanas.net\/testsite\/wp-json\/wp\/v2\/pages\/16","targetHints":{"allow":["GET"]}}],"collection":[{"href":"https:\/\/javanas.net\/testsite\/wp-json\/wp\/v2\/pages"}],"about":[{"href":"https:\/\/javanas.net\/testsite\/wp-json\/wp\/v2\/types\/page"}],"author":[{"embeddable":true,"href":"https:\/\/javanas.net\/testsite\/wp-json\/wp\/v2\/users\/1"}],"replies":[{"embeddable":true,"href":"https:\/\/javanas.net\/testsite\/wp-json\/wp\/v2\/comments?post=16"}],"version-history":[{"count":30,"href":"https:\/\/javanas.net\/testsite\/wp-json\/wp\/v2\/pages\/16\/revisions"}],"predecessor-version":[{"id":750,"href":"https:\/\/javanas.net\/testsite\/wp-json\/wp\/v2\/pages\/16\/revisions\/750"}],"wp:attachment":[{"href":"https:\/\/javanas.net\/testsite\/wp-json\/wp\/v2\/media?parent=16"}],"curies":[{"name":"wp","href":"https:\/\/api.w.org\/{rel}","templated":true}]}}