{"id":325,"date":"2018-05-25T22:06:26","date_gmt":"2018-05-25T20:06:26","guid":{"rendered":"http:\/\/javanas.net\/?page_id=325"},"modified":"2025-06-09T09:08:54","modified_gmt":"2025-06-09T07:08:54","slug":"agility","status":"publish","type":"page","link":"https:\/\/javanas.net\/testsite\/agility\/","title":{"rendered":"Agilitykoulutus"},"content":{"rendered":"<div id=\"pl-325\"  class=\"panel-layout\" ><div id=\"pg-325-0\"  class=\"panel-grid panel-has-style\" ><div class=\"siteorigin-panels-stretch mob-pad-0 panel-row-style panel-row-style-for-325-0\" style=\"background-image: url(https:\/\/javanas.net\/testsite\/wp-content\/uploads\/2018\/05\/20190824-TSK_8360.jpg);padding: 30px 0; \" data-stretch-type=\"full\" data-hasbg=\"hasbg\" data-overlay-color=\"#ffffff\" ><div id=\"pgc-325-0-0\"  class=\"panel-grid-cell panel-grid-cell-empty\" ><\/div><div id=\"pgc-325-0-1\"  class=\"panel-grid-cell\" ><div id=\"panel-325-0-1-0\" class=\"so-panel widget widget_text panel-first-child panel-last-child\" data-index=\"0\" ><div style=\"text-align: left;\" data-title-color=\"#ffffff\" data-headings-color=\"#ffffff\" class=\"panel-widget-style panel-widget-style-for-325-0-1-0\" >\t\t\t<div class=\"textwidget\"><p>Agilitykoulutusta<br \/>\nkaikentasoisille<br \/>\nja<br \/>\nkaikenrotuisille.<\/p>\n<p>Avainsanoja:<br \/>\nIlo<br \/>\nOperantti ehdollistaminen<br \/>\nPositiivinen vahvistaminen<br \/>\nPalkkaus ja motivaatio<br \/>\nKoiran perustaidot<br \/>\nEstetaidot<br \/>\nOhjaajan ohjaustaidot<br \/>\nSelkeys<br \/>\nYksinkertaisuus<br \/>\nJatkuva oppiminen<br \/>\nYhteisest\u00e4 matkasta nauttiminen koirakkona.<\/p>\n<p>Tmi Javanas<\/p>\n<\/div>\n\t\t<\/div><\/div><\/div><\/div><\/div><div id=\"pg-325-1\"  class=\"panel-grid panel-has-style\" ><div style=\"padding: 20px 0; \" data-overlay=\"true\" data-overlay-color=\"#000000\" class=\"panel-row-style panel-row-style-for-325-1\" ><div id=\"pgc-325-1-0\"  class=\"panel-grid-cell\" ><div id=\"panel-325-1-0-0\" class=\"so-panel widget widget_sow-editor panel-first-child\" data-index=\"1\" ><div style=\"text-align: left;\" data-title-color=\"#443f3f\" data-headings-color=\"#443f3f\" class=\"panel-widget-style panel-widget-style-for-325-1-0-0\" ><div\n\t\t\t\n\t\t\tclass=\"so-widget-sow-editor so-widget-sow-editor-base\"\n\t\t\t\n\t\t>\n<div class=\"siteorigin-widget-tinymce textwidget\">\n\t<h3 class=\"widget-title\">AGILITYKOULUTUS<\/h3>\n<div class=\"siteorigin-widget-tinymce textwidget\">\n<h1>KOIRA + OHJAAJA = TIIMI<\/h1>\n<p>Tarjoan agilitykoulutusta kaikentasoisille ja -rotuisille koirakoille.<\/p>\n<p><img loading=\"lazy\" decoding=\"async\" class=\"size-medium wp-image-391 alignleft\" src=\"https:\/\/javanas.net\/testsite\/wp-content\/uploads\/2018\/05\/20170415_3MG_9047-300x200.jpg\" alt=\"20170415_3mg_9047\" width=\"300\" height=\"200\" srcset=\"https:\/\/javanas.net\/testsite\/wp-content\/uploads\/2018\/05\/20170415_3MG_9047-300x200.jpg 300w, https:\/\/javanas.net\/testsite\/wp-content\/uploads\/2018\/05\/20170415_3MG_9047-768x512.jpg 768w, https:\/\/javanas.net\/testsite\/wp-content\/uploads\/2018\/05\/20170415_3MG_9047-830x553.jpg 830w, https:\/\/javanas.net\/testsite\/wp-content\/uploads\/2018\/05\/20170415_3MG_9047-230x153.jpg 230w, https:\/\/javanas.net\/testsite\/wp-content\/uploads\/2018\/05\/20170415_3MG_9047-350x233.jpg 350w, https:\/\/javanas.net\/testsite\/wp-content\/uploads\/2018\/05\/20170415_3MG_9047-480x320.jpg 480w, https:\/\/javanas.net\/testsite\/wp-content\/uploads\/2018\/05\/20170415_3MG_9047-272x182.jpg 272w, https:\/\/javanas.net\/testsite\/wp-content\/uploads\/2018\/05\/20170415_3MG_9047.jpg 900w\" sizes=\"auto, (max-width: 300px) 100vw, 300px\" \/>Minun agilityfilosofiani perustuu eurooppalaistyyppiseen ohjaukseen, jossa koiran taidot ovat keski\u00f6ss\u00e4. Panostan koiran itseluottamukseen ja motivaatioon itsen\u00e4isen estesuorituksen rakentamisessa. Ohjaajan teht\u00e4v\u00e4ksi j\u00e4\u00e4 kertoa ajoissa ja oikea-aikaisesti linjat. Koiralle annetaan vapaus menn\u00e4 ja edet\u00e4 kontrolloimatta liikaa. Kuitenkin kaikkein t\u00e4rkeint\u00e4 on yhteisen tekemisen ilo ja riemu koiran kanssa.<\/p>\n<p>Koulutan operantin ehdollistamisen (ml. positiivinen vahvistaminen) menetelmin, jossa haluttua k\u00e4yt\u00f6st\u00e4 vahvistetaan palkitsemalla ja ei-toivottu j\u00e4tet\u00e4\u00e4n huomiomatta. Haluan rakentaa koirasta aktiivista oppijaa, jolle uusien asioiden opiskelu on seikkailu! K\u00e4ytt\u00e4m\u00e4ni koirankoulutusmenetelm\u00e4t perustuu tieteeseen el\u00e4inten kouluttamisesta.<\/p>\n<p>Haen uusia ajatuksia ja oppia jatkuvasti laajalla skaalalla niin Suomesta kuin maailmaltakin huippukouluttajilta (ollut mm. seuraavien treeneiss\u00e4 koiran kanssa: Silas Boogk, Martina Klime\u0161ov\u00e1, Max Sprinz, Annika Af Klercker, Iwona \u00a0Golab). Lis\u00e4ksi aktiivisesti opin lis\u00e4\u00e4 osallistumalla erilaisille nettikursseille (mm. Katarina Podlipnik, Monika Rylska, Susan Garrett &amp; Silvia Trkman). Olen aina valmis p\u00e4ivitt\u00e4m\u00e4\u00e4n omia koulutusmetodejani uuden tiedon my\u00f6t\u00e4.<\/p>\n<h2>Palvelut mm.<\/h2>\n<ul>\n<li>Valmistavia taitoja pennuille<\/li>\n<li>Agilitytaitojen rakennus nuorille koirille<\/li>\n<li>Ratatreenit<\/li>\n<li>Yksityistunnit joko sinulle tai treeniporukallesi<\/li>\n<li>Viikkokoulutukset valmennusryhmille<\/li>\n<li>Ongelmanratkonta (kepit, kontaktit, vire, vauhti, estetaidot jne.)<\/li>\n<li>Juoksukontaktit (itse suosin target-menetelm\u00e4\u00e4)<\/li>\n<li>Koulutusp\u00e4iv\u00e4t<\/li>\n<li>Luennot, esim. motivaatio, vire, palkkaus, pennusta agilitykoiraksi<\/li>\n<li>Henkil\u00f6kohtainen valmennus<\/li>\n<li>Et\u00e4valmennus<\/li>\n<\/ul>\n<h2>Hinnasto<\/h2>\n<p><img loading=\"lazy\" decoding=\"async\" class=\"size-medium wp-image-338 alignleft\" src=\"https:\/\/javanas.net\/testsite\/wp-content\/uploads\/2018\/05\/Iona54-300x200.jpg\" alt=\"iona54\" width=\"300\" height=\"200\" srcset=\"https:\/\/javanas.net\/testsite\/wp-content\/uploads\/2018\/05\/Iona54-300x200.jpg 300w, https:\/\/javanas.net\/testsite\/wp-content\/uploads\/2018\/05\/Iona54-768x512.jpg 768w, https:\/\/javanas.net\/testsite\/wp-content\/uploads\/2018\/05\/Iona54-1024x683.jpg 1024w, https:\/\/javanas.net\/testsite\/wp-content\/uploads\/2018\/05\/Iona54-830x554.jpg 830w, https:\/\/javanas.net\/testsite\/wp-content\/uploads\/2018\/05\/Iona54-230x153.jpg 230w, https:\/\/javanas.net\/testsite\/wp-content\/uploads\/2018\/05\/Iona54-350x233.jpg 350w, https:\/\/javanas.net\/testsite\/wp-content\/uploads\/2018\/05\/Iona54-480x320.jpg 480w, https:\/\/javanas.net\/testsite\/wp-content\/uploads\/2018\/05\/Iona54-272x182.jpg 272w, https:\/\/javanas.net\/testsite\/wp-content\/uploads\/2018\/05\/Iona54.jpg 2048w\" sizes=\"auto, (max-width: 300px) 100vw, 300px\" \/>65 euroa \/ tunti<\/p>\n<p>Koulutusp\u00e4iv\u00e4t ja muut kokonaisuudet saatavilla my\u00f6s pk-seudun ulkopuolella, km-korvaus tai matkakulut lis\u00e4t\u00e4\u00e4n. Kysy lis\u00e4\u00e4 ja mietit\u00e4\u00e4n juuri sinulle tai treeniryhm\u00e4llesi sopiva kokonaisuus!<\/p>\n<p><strong>Agilitykoulutukset voi maksaa my\u00f6s Smartum tai Edenred -verkkomaksuina!<\/strong><\/p>\n<\/div>\n<\/div>\n<\/div><\/div><\/div><div id=\"panel-325-1-0-1\" class=\"so-panel widget widget_sow-editor\" data-index=\"2\" ><div style=\"text-align: left;\" data-title-color=\"#443f3f\" data-headings-color=\"#443f3f\" class=\"panel-widget-style panel-widget-style-for-325-1-0-1\" ><div\n\t\t\t\n\t\t\tclass=\"so-widget-sow-editor so-widget-sow-editor-base\"\n\t\t\t\n\t\t><h3 class=\"widget-title\">Kouluttajaesittely<\/h3>\n<div class=\"siteorigin-widget-tinymce textwidget\">\n\t<p>&nbsp;<\/p>\n<p><img loading=\"lazy\" decoding=\"async\" class=\"size-medium wp-image-777 alignleft\" src=\"https:\/\/javanas.net\/testsite\/wp-content\/uploads\/2024\/07\/20230506-20230506-0G7A8143-300x200.jpg\" alt=\"\" width=\"300\" height=\"200\" srcset=\"https:\/\/javanas.net\/testsite\/wp-content\/uploads\/2024\/07\/20230506-20230506-0G7A8143-300x200.jpg 300w, https:\/\/javanas.net\/testsite\/wp-content\/uploads\/2024\/07\/20230506-20230506-0G7A8143-1024x683.jpg 1024w, https:\/\/javanas.net\/testsite\/wp-content\/uploads\/2024\/07\/20230506-20230506-0G7A8143-768x512.jpg 768w, https:\/\/javanas.net\/testsite\/wp-content\/uploads\/2024\/07\/20230506-20230506-0G7A8143-1536x1024.jpg 1536w, https:\/\/javanas.net\/testsite\/wp-content\/uploads\/2024\/07\/20230506-20230506-0G7A8143-1000x667.jpg 1000w, https:\/\/javanas.net\/testsite\/wp-content\/uploads\/2024\/07\/20230506-20230506-0G7A8143-230x153.jpg 230w, https:\/\/javanas.net\/testsite\/wp-content\/uploads\/2024\/07\/20230506-20230506-0G7A8143-350x233.jpg 350w, https:\/\/javanas.net\/testsite\/wp-content\/uploads\/2024\/07\/20230506-20230506-0G7A8143-480x320.jpg 480w, https:\/\/javanas.net\/testsite\/wp-content\/uploads\/2024\/07\/20230506-20230506-0G7A8143-272x182.jpg 272w, https:\/\/javanas.net\/testsite\/wp-content\/uploads\/2024\/07\/20230506-20230506-0G7A8143.jpg 2048w\" sizes=\"auto, (max-width: 300px) 100vw, 300px\" \/><\/p>\n<p>Agilityvuosia minulla takana jo viitisentoista, joista yli kymmenen vuotta my\u00f6s aktiivisesti toiminut kouluttajana. Viime vuosina olen kouluttanut eri seuroissa ymp\u00e4ri Suomen valmennusryhmi\u00e4, kouluttajatreenej\u00e4 ja koulutusp\u00e4ivi\u00e4 (ml. junnut, seniorit ja paraohjaajat). Kotona on lauma shelttej\u00e4, mutta niiden lis\u00e4ksi olen startannut my\u00f6s maksikoiralla.<\/p>\n<p>Agilityuran kohokohtia lienee maajoukkue-edustus 2016 Javan kanssa Norjassa ja Ionan ISAC 4. 2019 Sveitsiss\u00e4. Kansallisissa arvokisoissa olen saanut my\u00f6s olla mukana joka vuosi yhdell\u00e4 tai kahdella koiralla ja muutama mitalikin niin yksil\u00f6- kuin joukkuekisoista monien finaalipaikkojen lis\u00e4ksi. Eniten nautin kuitenkin koirieni kanssa treenaamisesta ja uuden opiskelusta, kisat on l\u00e4hinn\u00e4 vain taitotsekkaus.<\/p>\n<p>Minun agilityfilosofiani perustuu eurooppalaistyyppiseen ohjaukseen, jossa koiran taidot ovat keski\u00f6ss\u00e4. Panostan koiran itseluottamukseen ja motivaatioon itsen\u00e4isen estesuorituksen rakentamisessa. Ohjaajan teht\u00e4v\u00e4ksi j\u00e4\u00e4 kertoa ajoissa ja oikea-aikaisesti linjat. Koiralle annetaan vapaus menn\u00e4 ja edet\u00e4 kontrolloimatta liikaa, kun koordinaatit on selke\u00e4t. Ohjaajana en ole itse se nopein juoksija, joten pyrin ratkaisemaan ratahaasteet muillakin tavoin.<\/p>\n<p>Yksinkertaisuus &amp; selkeys on minulle avainsanoja t\u00e4ss\u00e4kin lajissa ja monesti perusasioissa on ne t\u00e4rkeimm\u00e4t oivallukset. Kuitenkin kaikkein t\u00e4rkeint\u00e4 on aina yhteisen tekemisen ilo. Agilityn pit\u00e4\u00e4 olla hauskaa koirakon molemmille osapuolille, vaikka tavoitteellisesti teht\u00e4isiinkin. Taidot rakennetaan oikean mielentilan p\u00e4\u00e4lle. Tavoitteita voi my\u00f6s olla monenlaisia, kuten harrastajiakin: aloittelijoista ihan kv-tason menij\u00e4\u00e4n asti ja minun treeneihin on kaikki l\u00e4mpim\u00e4sti tervetulleita. Harjoituksista tehd\u00e4\u00e4n yksil\u00f6llisi\u00e4 kunkin tarpeiden ja toiveiden mukaan.<\/p>\n<\/div>\n<\/div><\/div><\/div><div id=\"panel-325-1-0-2\" class=\"so-panel widget widget_sow-cta\" data-index=\"3\" ><div style=\"text-align: left;\" data-title-color=\"#443f3f\" data-headings-color=\"#443f3f\" class=\"panel-widget-style panel-widget-style-for-325-1-0-2\" ><div\n\t\t\t\n\t\t\tclass=\"so-widget-sow-cta so-widget-sow-cta-default-2d71aa25d7bc-325\"\n\t\t\t\n\t\t><div class=\"sow-cta-base\">\n\n\t<div class=\"sow-cta-wrapper\">\n\n\t\t<div class=\"sow-cta-text\">\n\t\t\t<h4 class=\"sow-cta-title\">Ajankohtaiset uutiset, agilityvideoita ja ratapiirroksia l\u00f6yd\u00e4t FB:st\u00e4<\/h4>\n\t\t\t<h5 class=\"sow-cta-subtitle\"><\/h5>\n\t\t<\/div>\n\n\t\t<div\n\t\t\t\n\t\t\tclass=\"so-widget-sow-button so-widget-sow-button-atom-b4f6b6b19f96\"\n\t\t\t\n\t\t><div class=\"ow-button-base ow-button-align-center\">\n\t<a href=\"https:\/\/www.facebook.com\/TmiJavanas\/\" class=\"ow-icon-placement-left ow-button-hover\" \t\t>\n\t\t<span>\n\t\t\t<span class=\"sow-icon-fontawesome sow-fas\" data-sow-icon=\"&#xf082;\"\n\t\t \n\t\taria-hidden=\"true\"><\/span>\n\t\t\tTmi Javanas\t\t<\/span>\n\t<\/a>\n<\/div>\n<\/div>\n\t<\/div>\n\n<\/div>\n<\/div><\/div><\/div><div id=\"panel-325-1-0-3\" class=\"so-panel widget widget_sow-slider panel-last-child\" data-index=\"4\" ><div style=\"text-align: left;\" data-title-color=\"#443f3f\" data-headings-color=\"#443f3f\" class=\"panel-widget-style panel-widget-style-for-325-1-0-3\" ><div\n\t\t\t\n\t\t\tclass=\"so-widget-sow-slider so-widget-sow-slider-default-53fd0f98de19-325\"\n\t\t\t\n\t\t><div class=\"sow-slider-base\" style=\"display: none\"><ul\n\t\t\t\t\tclass=\"sow-slider-images\"\n\t\t\t\t\tdata-settings=\"{&quot;pagination&quot;:true,&quot;speed&quot;:800,&quot;timeout&quot;:4000,&quot;paused&quot;:false,&quot;pause_on_hover&quot;:false,&quot;swipe&quot;:true,&quot;nav_always_show_desktop&quot;:&quot;&quot;,&quot;nav_always_show_mobile&quot;:&quot;&quot;,&quot;breakpoint&quot;:&quot;780px&quot;,&quot;unmute&quot;:false,&quot;anchor&quot;:null}\"\n\t\t\t\t\t\t\t\t\t\tdata-anchor-id=\"\"\n\t\t\t\t>\t\t<li class=\"sow-slider-image  sow-slider-image-cover\" style=\"background-image: url(https:\/\/javanas.net\/testsite\/wp-content\/uploads\/2016\/10\/Iona14.jpg)\" >\n\t\t\t\t\t\t\t\t\t<img fetchpriority=\"high\" decoding=\"async\" width=\"2048\" height=\"1365\" src=\"https:\/\/javanas.net\/testsite\/wp-content\/uploads\/2016\/10\/Iona14.jpg\" class=\"sow-slider-background-image skip-lazy\" alt=\"\" loading=\"eager\" srcset=\"https:\/\/javanas.net\/testsite\/wp-content\/uploads\/2016\/10\/Iona14.jpg 2048w, https:\/\/javanas.net\/testsite\/wp-content\/uploads\/2016\/10\/Iona14-300x200.jpg 300w, https:\/\/javanas.net\/testsite\/wp-content\/uploads\/2016\/10\/Iona14-768x512.jpg 768w, https:\/\/javanas.net\/testsite\/wp-content\/uploads\/2016\/10\/Iona14-1024x683.jpg 1024w, https:\/\/javanas.net\/testsite\/wp-content\/uploads\/2016\/10\/Iona14-830x553.jpg 830w, https:\/\/javanas.net\/testsite\/wp-content\/uploads\/2016\/10\/Iona14-230x153.jpg 230w, https:\/\/javanas.net\/testsite\/wp-content\/uploads\/2016\/10\/Iona14-350x233.jpg 350w, https:\/\/javanas.net\/testsite\/wp-content\/uploads\/2016\/10\/Iona14-480x320.jpg 480w, https:\/\/javanas.net\/testsite\/wp-content\/uploads\/2016\/10\/Iona14-272x182.jpg 272w\" sizes=\"(max-width: 2048px) 100vw, 2048px\" \/>\t\t\t\t\t\t\t\t<\/li>\n\t\t\t\t<li class=\"sow-slider-image  sow-slider-image-cover\" style=\"background-image: url(https:\/\/javanas.net\/testsite\/wp-content\/uploads\/2016\/10\/Iona50.jpg)\" >\n\t\t\t\t\t\t\t\t\t<img decoding=\"async\" width=\"2048\" height=\"1366\" src=\"https:\/\/javanas.net\/testsite\/wp-content\/uploads\/2016\/10\/Iona50.jpg\" class=\"sow-slider-background-image skip-lazy\" alt=\"\" loading=\"eager\" srcset=\"https:\/\/javanas.net\/testsite\/wp-content\/uploads\/2016\/10\/Iona50.jpg 2048w, https:\/\/javanas.net\/testsite\/wp-content\/uploads\/2016\/10\/Iona50-300x200.jpg 300w, https:\/\/javanas.net\/testsite\/wp-content\/uploads\/2016\/10\/Iona50-768x512.jpg 768w, https:\/\/javanas.net\/testsite\/wp-content\/uploads\/2016\/10\/Iona50-1024x683.jpg 1024w, https:\/\/javanas.net\/testsite\/wp-content\/uploads\/2016\/10\/Iona50-830x554.jpg 830w, https:\/\/javanas.net\/testsite\/wp-content\/uploads\/2016\/10\/Iona50-230x153.jpg 230w, https:\/\/javanas.net\/testsite\/wp-content\/uploads\/2016\/10\/Iona50-350x233.jpg 350w, https:\/\/javanas.net\/testsite\/wp-content\/uploads\/2016\/10\/Iona50-480x320.jpg 480w\" sizes=\"(max-width: 2048px) 100vw, 2048px\" \/>\t\t\t\t\t\t\t\t<\/li>\n\t\t\t\t<li class=\"sow-slider-image  sow-slider-image-cover\" style=\"background-image: url(https:\/\/javanas.net\/testsite\/wp-content\/uploads\/2016\/10\/Iona108.jpg)\" >\n\t\t\t\t\t\t\t\t\t<img decoding=\"async\" width=\"2048\" height=\"1366\" src=\"https:\/\/javanas.net\/testsite\/wp-content\/uploads\/2016\/10\/Iona108.jpg\" class=\"sow-slider-background-image skip-lazy\" alt=\"\" loading=\"eager\" srcset=\"https:\/\/javanas.net\/testsite\/wp-content\/uploads\/2016\/10\/Iona108.jpg 2048w, https:\/\/javanas.net\/testsite\/wp-content\/uploads\/2016\/10\/Iona108-300x200.jpg 300w, https:\/\/javanas.net\/testsite\/wp-content\/uploads\/2016\/10\/Iona108-768x512.jpg 768w, https:\/\/javanas.net\/testsite\/wp-content\/uploads\/2016\/10\/Iona108-1024x683.jpg 1024w, https:\/\/javanas.net\/testsite\/wp-content\/uploads\/2016\/10\/Iona108-830x554.jpg 830w, https:\/\/javanas.net\/testsite\/wp-content\/uploads\/2016\/10\/Iona108-230x153.jpg 230w, https:\/\/javanas.net\/testsite\/wp-content\/uploads\/2016\/10\/Iona108-350x233.jpg 350w, https:\/\/javanas.net\/testsite\/wp-content\/uploads\/2016\/10\/Iona108-480x320.jpg 480w, https:\/\/javanas.net\/testsite\/wp-content\/uploads\/2016\/10\/Iona108-272x182.jpg 272w\" sizes=\"(max-width: 2048px) 100vw, 2048px\" \/>\t\t\t\t\t\t\t\t<\/li>\n\t\t\t\t<li class=\"sow-slider-image  sow-slider-image-cover\" style=\"background-image: url(https:\/\/javanas.net\/testsite\/wp-content\/uploads\/2016\/10\/Iona46.jpg)\" >\n\t\t\t\t\t\t\t\t\t<img decoding=\"async\" width=\"2048\" height=\"1365\" src=\"https:\/\/javanas.net\/testsite\/wp-content\/uploads\/2016\/10\/Iona46.jpg\" class=\"sow-slider-background-image skip-lazy\" alt=\"\" loading=\"eager\" srcset=\"https:\/\/javanas.net\/testsite\/wp-content\/uploads\/2016\/10\/Iona46.jpg 2048w, https:\/\/javanas.net\/testsite\/wp-content\/uploads\/2016\/10\/Iona46-300x200.jpg 300w, https:\/\/javanas.net\/testsite\/wp-content\/uploads\/2016\/10\/Iona46-768x512.jpg 768w, https:\/\/javanas.net\/testsite\/wp-content\/uploads\/2016\/10\/Iona46-1024x683.jpg 1024w, https:\/\/javanas.net\/testsite\/wp-content\/uploads\/2016\/10\/Iona46-830x553.jpg 830w, https:\/\/javanas.net\/testsite\/wp-content\/uploads\/2016\/10\/Iona46-230x153.jpg 230w, https:\/\/javanas.net\/testsite\/wp-content\/uploads\/2016\/10\/Iona46-350x233.jpg 350w, https:\/\/javanas.net\/testsite\/wp-content\/uploads\/2016\/10\/Iona46-480x320.jpg 480w, https:\/\/javanas.net\/testsite\/wp-content\/uploads\/2016\/10\/Iona46-272x182.jpg 272w\" sizes=\"(max-width: 2048px) 100vw, 2048px\" \/>\t\t\t\t\t\t\t\t<\/li>\n\t\t\t\t<li class=\"sow-slider-image  sow-slider-image-cover\" style=\"background-image: url(https:\/\/javanas.net\/testsite\/wp-content\/uploads\/2016\/10\/Iona128.jpg)\" >\n\t\t\t\t\t\t\t\t\t<img decoding=\"async\" width=\"2048\" height=\"1366\" src=\"https:\/\/javanas.net\/testsite\/wp-content\/uploads\/2016\/10\/Iona128.jpg\" class=\"sow-slider-background-image skip-lazy\" alt=\"\" loading=\"eager\" srcset=\"https:\/\/javanas.net\/testsite\/wp-content\/uploads\/2016\/10\/Iona128.jpg 2048w, https:\/\/javanas.net\/testsite\/wp-content\/uploads\/2016\/10\/Iona128-300x200.jpg 300w, https:\/\/javanas.net\/testsite\/wp-content\/uploads\/2016\/10\/Iona128-768x512.jpg 768w, https:\/\/javanas.net\/testsite\/wp-content\/uploads\/2016\/10\/Iona128-1024x683.jpg 1024w, https:\/\/javanas.net\/testsite\/wp-content\/uploads\/2016\/10\/Iona128-830x554.jpg 830w, https:\/\/javanas.net\/testsite\/wp-content\/uploads\/2016\/10\/Iona128-230x153.jpg 230w, https:\/\/javanas.net\/testsite\/wp-content\/uploads\/2016\/10\/Iona128-350x233.jpg 350w, https:\/\/javanas.net\/testsite\/wp-content\/uploads\/2016\/10\/Iona128-480x320.jpg 480w, https:\/\/javanas.net\/testsite\/wp-content\/uploads\/2016\/10\/Iona128-272x182.jpg 272w\" sizes=\"(max-width: 2048px) 100vw, 2048px\" \/>\t\t\t\t\t\t\t\t<\/li>\n\t\t\t\t<li class=\"sow-slider-image  sow-slider-image-cover\" style=\"background-image: url(https:\/\/javanas.net\/testsite\/wp-content\/uploads\/2016\/10\/Iona126.jpg)\" >\n\t\t\t\t\t\t\t\t\t<img decoding=\"async\" width=\"2048\" height=\"1366\" src=\"https:\/\/javanas.net\/testsite\/wp-content\/uploads\/2016\/10\/Iona126.jpg\" class=\"sow-slider-background-image skip-lazy\" alt=\"\" loading=\"eager\" srcset=\"https:\/\/javanas.net\/testsite\/wp-content\/uploads\/2016\/10\/Iona126.jpg 2048w, https:\/\/javanas.net\/testsite\/wp-content\/uploads\/2016\/10\/Iona126-300x200.jpg 300w, https:\/\/javanas.net\/testsite\/wp-content\/uploads\/2016\/10\/Iona126-768x512.jpg 768w, https:\/\/javanas.net\/testsite\/wp-content\/uploads\/2016\/10\/Iona126-1024x683.jpg 1024w, https:\/\/javanas.net\/testsite\/wp-content\/uploads\/2016\/10\/Iona126-830x554.jpg 830w, https:\/\/javanas.net\/testsite\/wp-content\/uploads\/2016\/10\/Iona126-230x153.jpg 230w, https:\/\/javanas.net\/testsite\/wp-content\/uploads\/2016\/10\/Iona126-350x233.jpg 350w, https:\/\/javanas.net\/testsite\/wp-content\/uploads\/2016\/10\/Iona126-480x320.jpg 480w, https:\/\/javanas.net\/testsite\/wp-content\/uploads\/2016\/10\/Iona126-272x182.jpg 272w\" sizes=\"(max-width: 2048px) 100vw, 2048px\" \/>\t\t\t\t\t\t\t\t<\/li>\n\t\t<\/ul>\t\t\t\t<ol class=\"sow-slider-pagination\">\n\t\t\t\t\t\t\t\t\t\t\t<li><a href=\"#\" data-goto=\"0\" aria-label=\"display slide 1\"><\/a><\/li>\n\t\t\t\t\t\t\t\t\t\t\t<li><a href=\"#\" data-goto=\"1\" aria-label=\"display slide 2\"><\/a><\/li>\n\t\t\t\t\t\t\t\t\t\t\t<li><a href=\"#\" data-goto=\"2\" aria-label=\"display slide 3\"><\/a><\/li>\n\t\t\t\t\t\t\t\t\t\t\t<li><a href=\"#\" data-goto=\"3\" aria-label=\"display slide 4\"><\/a><\/li>\n\t\t\t\t\t\t\t\t\t\t\t<li><a href=\"#\" data-goto=\"4\" aria-label=\"display slide 5\"><\/a><\/li>\n\t\t\t\t\t\t\t\t\t\t\t<li><a href=\"#\" data-goto=\"5\" aria-label=\"display slide 6\"><\/a><\/li>\n\t\t\t\t\t\t\t\t\t<\/ol>\n\n\t\t\t\t<div class=\"sow-slide-nav sow-slide-nav-next\">\n\t\t\t\t\t<a href=\"#\" data-goto=\"next\" aria-label=\"next slide\" data-action=\"next\">\n\t\t\t\t\t\t<em class=\"sow-sld-icon-thin-right\"><\/em>\n\t\t\t\t\t<\/a>\n\t\t\t\t<\/div>\n\n\t\t\t\t<div class=\"sow-slide-nav sow-slide-nav-prev\">\n\t\t\t\t\t<a href=\"#\" data-goto=\"previous\" aria-label=\"previous slide\" data-action=\"prev\">\n\t\t\t\t\t\t<em class=\"sow-sld-icon-thin-left\"><\/em>\n\t\t\t\t\t<\/a>\n\t\t\t\t<\/div>\n\t\t\t\t<\/div><\/div><\/div><\/div><\/div><\/div><\/div><\/div>","protected":false},"excerpt":{"rendered":"<p>Agilitykoulutusta kaikentasoisille ja kaikenrotuisille. Avainsanoja: Ilo Operantti ehdollistaminen Positiivinen vahvistaminen Palkkaus ja motivaatio Koiran perustaidot Estetaidot Ohjaajan ohjaustaidot Selkeys Yksinkertaisuus Jatkuva oppiminen [&hellip;]<\/p>\n","protected":false},"author":1,"featured_media":0,"parent":0,"menu_order":0,"comment_status":"closed","ping_status":"closed","template":"page-templates\/page_fullwidth.php","meta":{"footnotes":""},"class_list":["post-325","page","type-page","status-publish","hentry"],"_links":{"self":[{"href":"https:\/\/javanas.net\/testsite\/wp-json\/wp\/v2\/pages\/325","targetHints":{"allow":["GET"]}}],"collection":[{"href":"https:\/\/javanas.net\/testsite\/wp-json\/wp\/v2\/pages"}],"about":[{"href":"https:\/\/javanas.net\/testsite\/wp-json\/wp\/v2\/types\/page"}],"author":[{"embeddable":true,"href":"https:\/\/javanas.net\/testsite\/wp-json\/wp\/v2\/users\/1"}],"replies":[{"embeddable":true,"href":"https:\/\/javanas.net\/testsite\/wp-json\/wp\/v2\/comments?post=325"}],"version-history":[{"count":77,"href":"https:\/\/javanas.net\/testsite\/wp-json\/wp\/v2\/pages\/325\/revisions"}],"predecessor-version":[{"id":795,"href":"https:\/\/javanas.net\/testsite\/wp-json\/wp\/v2\/pages\/325\/revisions\/795"}],"wp:attachment":[{"href":"https:\/\/javanas.net\/testsite\/wp-json\/wp\/v2\/media?parent=325"}],"curies":[{"name":"wp","href":"https:\/\/api.w.org\/{rel}","templated":true}]}}