{"id":36,"date":"2016-10-31T13:23:01","date_gmt":"2016-10-31T13:23:01","guid":{"rendered":"http:\/\/javanas.net\/testsite\/?page_id=36"},"modified":"2023-09-25T20:47:33","modified_gmt":"2023-09-25T18:47:33","slug":"satu","status":"publish","type":"page","link":"https:\/\/javanas.net\/testsite\/satu\/","title":{"rendered":"Satu"},"content":{"rendered":"<div id=\"pl-36\"  class=\"panel-layout\" ><div id=\"pg-36-0\"  class=\"panel-grid panel-has-style\" ><div class=\"siteorigin-panels-stretch panel-row-style panel-row-style-for-36-0\" style=\"background-image: url(https:\/\/javanas.net\/testsite\/wp-content\/uploads\/2016\/10\/20160703_4MG_3287-e1477905646643.jpg);padding: 10px 0; \" data-stretch-type=\"full\" data-hasbg=\"hasbg\" data-overlay=\"true\" data-overlay-color=\"#ffffff\" ><div id=\"pgc-36-0-0\"  class=\"panel-grid-cell panel-grid-cell-mobile-last\" ><div id=\"panel-36-0-0-0\" class=\"so-panel widget widget_text panel-first-child panel-last-child\" data-index=\"0\" ><div style=\"text-align: left;\" data-title-color=\"#443f3f\" data-headings-color=\"#443f3f\" class=\"panel-widget-style panel-widget-style-for-36-0-0-0\" >\t\t\t<div class=\"textwidget\"><p>Satu Tuomela<\/p>\n<p>Agilityharrastaja<br \/>\nAgilitykouluttaja<br \/>\nValokuvaaja<br \/>\nKTM<br \/>\nSipoo<\/p>\n<\/div>\n\t\t<\/div><\/div><\/div><div id=\"pgc-36-0-1\"  class=\"panel-grid-cell panel-grid-cell-empty\" ><\/div><\/div><\/div><div id=\"pg-36-1\"  class=\"panel-grid panel-has-style\" ><div style=\"padding: 10px 0; \" data-overlay=\"true\" data-overlay-color=\"#000000\" class=\"panel-row-style panel-row-style-for-36-1\" ><div id=\"pgc-36-1-0\"  class=\"panel-grid-cell panel-grid-cell-mobile-last\" ><div id=\"panel-36-1-0-0\" class=\"so-panel widget widget_sow-editor panel-first-child panel-last-child\" data-index=\"1\" ><div style=\"text-align: left;\" data-title-color=\"#443f3f\" data-headings-color=\"#443f3f\" class=\"panel-widget-style panel-widget-style-for-36-1-0-0\" ><div\n\t\t\t\n\t\t\tclass=\"so-widget-sow-editor so-widget-sow-editor-base\"\n\t\t\t\n\t\t>\n<div class=\"siteorigin-widget-tinymce textwidget\">\n\t<p><img loading=\"lazy\" decoding=\"async\" class=\"size-medium wp-image-94 alignleft\" src=\"https:\/\/javanas.net\/testsite\/wp-content\/uploads\/2016\/10\/20160810-IMG_2869-Edit-220x300.jpg\" alt=\"20160810-img_2869-edit\" width=\"220\" height=\"300\" srcset=\"https:\/\/javanas.net\/testsite\/wp-content\/uploads\/2016\/10\/20160810-IMG_2869-Edit-220x300.jpg 220w, https:\/\/javanas.net\/testsite\/wp-content\/uploads\/2016\/10\/20160810-IMG_2869-Edit-230x314.jpg 230w, https:\/\/javanas.net\/testsite\/wp-content\/uploads\/2016\/10\/20160810-IMG_2869-Edit-350x477.jpg 350w, https:\/\/javanas.net\/testsite\/wp-content\/uploads\/2016\/10\/20160810-IMG_2869-Edit-480x655.jpg 480w, https:\/\/javanas.net\/testsite\/wp-content\/uploads\/2016\/10\/20160810-IMG_2869-Edit.jpg 733w\" sizes=\"auto, (max-width: 220px) 100vw, 220px\" \/>P\u00e4ivisin viihdyt\u00e4n itse\u00e4ni leip\u00e4ty\u00f6ni parissa kansainv\u00e4lisen markkinoinnin maailmassa ja siit\u00e4 ylij\u00e4\u00e4v\u00e4n osuuden yleens\u00e4 varsin koirapitoisissa merkeiss\u00e4. Sen lis\u00e4ksi vapaa-aikaa voi loistokkaasti k\u00e4ytt\u00e4\u00e4 matkustamiseen ja valokuvaukseen.<\/p>\n<p>Kuviani l\u00f6yd\u00e4t\u00a0<a href=\"http:\/\/satutuomela.kuvat.fi\/\">satutuomela.kuvat.fi<\/a>\u00a0.<\/p>\n<p>P\u00e4\u00e4lajinani on luonnollisesti agility, mutta sen lis\u00e4ksi on toki tullut enemm\u00e4n ja v\u00e4hemm\u00e4n treenailtua temppuja, tokoa ja rallytokoa. Koirat ovat kuuluneet el\u00e4m\u00e4\u00e4ni jo 90-luvun alkupuolelta l\u00e4htien, kun ensimm\u00e4inen itsep\u00e4isyyden multihuipentuma tassutteli taloon japaninpystykorvan muodossa - josta siis l\u00e4hti kipin\u00e4 koirankoulutukseen. KTM -opintojen ollessa ehtoopuolella vaihtoineen hankimme vihdoin sen \"ensimm\u00e4isen oman koiran\" ja oli aikamoista sattuman kauppaa, ett\u00e4 se oli 2008 syksyll\u00e4 meille muuttanut aikuinen shelttineiti Nati (Sunsweet Child of the Night).<\/p>\n<p>Nati p\u00e4\u00e4tti sijoituskoirana laittaa kaikki munat yhteen koriin ja panosti m\u00e4\u00e4r\u00e4n sijasta laatuun: maailmaan tupsahti Java (Yokotai Blue Moon, jonka piti olla ihan v\u00e4\u00e4r\u00e4\u00e4 sukupuolta ja v\u00e4\u00e4r\u00e4n v\u00e4rinen. Javahan ei t\u00e4st\u00e4 lannistunut, vaan oli ilmeisesti p\u00e4\u00e4tt\u00e4nyt siit\u00e4 huolimatta meille muuttaa, joten lokakuussa 2009 laumamme kasvoi yhdell\u00e4 karvanaattorilla. Onneksi n\u00e4in, sill\u00e4 t\u00e4st\u00e4 alkoikin sitten huikea tarinamme, niin agilityn parissa kuin muuteenkin. Java on minun el\u00e4m\u00e4ni koira &lt;3<br \/>\n<img loading=\"lazy\" decoding=\"async\" class=\"size-medium wp-image-91 alignright\" src=\"https:\/\/javanas.net\/testsite\/wp-content\/uploads\/2016\/10\/20160102-IMG_1077-300x194.jpg\" alt=\"20160102-img_1077\" width=\"300\" height=\"194\" srcset=\"https:\/\/javanas.net\/testsite\/wp-content\/uploads\/2016\/10\/20160102-IMG_1077-300x194.jpg 300w, https:\/\/javanas.net\/testsite\/wp-content\/uploads\/2016\/10\/20160102-IMG_1077-768x495.jpg 768w, https:\/\/javanas.net\/testsite\/wp-content\/uploads\/2016\/10\/20160102-IMG_1077-830x535.jpg 830w, https:\/\/javanas.net\/testsite\/wp-content\/uploads\/2016\/10\/20160102-IMG_1077-230x148.jpg 230w, https:\/\/javanas.net\/testsite\/wp-content\/uploads\/2016\/10\/20160102-IMG_1077-350x226.jpg 350w, https:\/\/javanas.net\/testsite\/wp-content\/uploads\/2016\/10\/20160102-IMG_1077-480x310.jpg 480w, https:\/\/javanas.net\/testsite\/wp-content\/uploads\/2016\/10\/20160102-IMG_1077.jpg 1000w\" sizes=\"auto, (max-width: 300px) 100vw, 300px\" \/><br \/>\nYksi suuri unelmani sai viel\u00e4 jatkumoa, kun j\u00e4lleen kerran yll\u00e4tt\u00e4en kev\u00e4\u00e4ll\u00e4 2015 syntyi Javalle tomera merleneiti Kotkaan. Meill\u00e4 ei viel\u00e4 pit\u00e4nyt olla koiran paikkaa auki, koska Javakin oli vasta 5,5v, mutta joskus parhaat asiat eiv\u00e4t vaan kysy kalenteria. Meill\u00e4 ei etenk\u00e4\u00e4n pit\u00e4nyt olla narttukoiran ment\u00e4v\u00e4\u00e4 paikkaa, koska olin jo vieh\u00e4ttynyt tuosta yksiulotteisesta uroskoiraagilityst\u00e4. Iona (K\u00e4pylaakson Ilon Tuoja) imeskeli kaikessa rauhassa hupparin nauhojani, kun p\u00e4\u00e4tin kymmenelt\u00e4 maanantai-iltana kasvattajan lattialla reilu 8 viikkoisia tuholaisia pallutellessa, ett\u00e4 joskus ei tarvitse olla j\u00e4rkev\u00e4 ja merleneiti muuttaa meille. Lis\u00e4ksi Ionan my\u00f6t\u00e4 tuli my\u00f6hemmin mahdollisuus my\u00f6s kokeilla kasvattajan polkua, joten kennelnimi Aysling my\u00f6nnettiin 2018 ja ensimm\u00e4inen oma pentue syntyi 2020. Siit\u00e4 j\u00e4i kotiin pikkulohik\u00e4rmes Ness (Aysling Aww Freya) ja Ionan toisesta pentueeesta 2022 viel\u00e4 haisulin sukulainen Yuku (Aysling Be My Jigglypuff).<\/p>\n<p>K\u00e4yt\u00e4<img loading=\"lazy\" decoding=\"async\" class=\"size-medium wp-image-95 alignleft\" src=\"https:\/\/javanas.net\/testsite\/wp-content\/uploads\/2016\/10\/20160814-P8140432-169x300.jpg\" alt=\"20160814-p8140432\" width=\"169\" height=\"300\" srcset=\"https:\/\/javanas.net\/testsite\/wp-content\/uploads\/2016\/10\/20160814-P8140432-169x300.jpg 169w, https:\/\/javanas.net\/testsite\/wp-content\/uploads\/2016\/10\/20160814-P8140432-230x409.jpg 230w, https:\/\/javanas.net\/testsite\/wp-content\/uploads\/2016\/10\/20160814-P8140432-350x622.jpg 350w, https:\/\/javanas.net\/testsite\/wp-content\/uploads\/2016\/10\/20160814-P8140432-480x853.jpg 480w, https:\/\/javanas.net\/testsite\/wp-content\/uploads\/2016\/10\/20160814-P8140432.jpg 563w\" sizes=\"auto, (max-width: 169px) 100vw, 169px\" \/>n varsin paljon eforttia omaan kehittymiseen agilityn saralla ja onkin ollut valtavan motivoivaa, ett\u00e4 tehty ty\u00f6 on kantanut tulosta. K\u00e4yn s\u00e4\u00e4nn\u00f6llisesti yksityisill\u00e4 kouluttajilla tavoitteena hakea sielt\u00e4 rakennuspallkoita omaan agilityyn, emmek\u00e4 noudata mit\u00e4\u00e4n tietty\u00e4 systeemi\u00e4 tai kouluttajan metodia. Agilityuran t\u00e4h\u00e4n astisia kohokohtia on varmasti maajoukkuepaikka ja edustus PM-kisoissa kisoissa Norjassa 2016. Lis\u00e4ksi Iona on shelttien maailmanmestaruuskisoissa ollut upeasti nelj\u00e4s 2019 Sveitsin Fr\u00e4scheliss\u00e4. Muutama SM-mitali l\u00f6ytyy my\u00f6s gameslajeista 2023. T\u00e4ll\u00e4 hetkell\u00e4 kisaaminen on itsell\u00e4 ehk\u00e4p\u00e4 pienemm\u00e4ss\u00e4 roolissa ja olenkin viime vuosina panostanut valmentamiseen. Oman lajiharrastamisen siis lis\u00e4ksi koulutan mahdollisuuksien mukaan ymp\u00e4ri Suomen maata sek\u00e4 valmennan koirakkoja. Minulla on 2013 hankittu agilityn koulutusohjaajap\u00e4tevyys.<\/p>\n<p>Koulutusfilosofiani heijastelee t\u00e4ysin omaa agilityfilosofiaani. Minun agiilityni on parhaimmillaan yksinkertaista ja etenev\u00e4\u00e4, jossa p\u00e4\u00e4paino on linjoissa, koiran hyv\u00e4ss\u00e4 esteosaamisessa ja omassa liikkeess\u00e4 + rytmiss\u00e4. Sen lis\u00e4ksi tarvitaan motivoituneet koirakon molemmat osapuolet. Olen jonkinverran luennoinut ja ollut pit\u00e4m\u00e4ss\u00e4 motivaatio\/palkkaus\/leikkimisworkshoppeja, koska sopivat palkkausmenetelm\u00e4t ja vireenhallinta ovat kuitenkin ensiarvoisen t\u00e4rkeit\u00e4, jotta itse lajia p\u00e4\u00e4see tekem\u00e4\u00e4n tehokkaasti. Sen lis\u00e4ksi koulutusmenetelm\u00e4ni ovat hyvin koiral\u00e4ht\u00f6isi\u00e4: erityisesti sheippaaminen ja muu positiivinen vahvistaminen on loistava tie koiran ymm\u00e4rt\u00e4miseen ja menestykseen.<\/p>\n<p><img loading=\"lazy\" decoding=\"async\" class=\"size-medium wp-image-87\" src=\"https:\/\/javanas.net\/testsite\/wp-content\/uploads\/2016\/10\/20160703_4MG_2183_web-300x200.jpg\" alt=\"Satu Tuomela, Java (HSKH), Maajoukkuekarsinnat 2016, Lieto. Photo (c) Jukka P\u00e4tynen \/ Koirakuvat.fi\" width=\"300\" height=\"200\" srcset=\"https:\/\/javanas.net\/testsite\/wp-content\/uploads\/2016\/10\/20160703_4MG_2183_web-300x200.jpg 300w, https:\/\/javanas.net\/testsite\/wp-content\/uploads\/2016\/10\/20160703_4MG_2183_web-768x512.jpg 768w, https:\/\/javanas.net\/testsite\/wp-content\/uploads\/2016\/10\/20160703_4MG_2183_web-830x553.jpg 830w, https:\/\/javanas.net\/testsite\/wp-content\/uploads\/2016\/10\/20160703_4MG_2183_web-230x153.jpg 230w, https:\/\/javanas.net\/testsite\/wp-content\/uploads\/2016\/10\/20160703_4MG_2183_web-350x233.jpg 350w, https:\/\/javanas.net\/testsite\/wp-content\/uploads\/2016\/10\/20160703_4MG_2183_web-480x320.jpg 480w, https:\/\/javanas.net\/testsite\/wp-content\/uploads\/2016\/10\/20160703_4MG_2183_web-272x182.jpg 272w, https:\/\/javanas.net\/testsite\/wp-content\/uploads\/2016\/10\/20160703_4MG_2183_web.jpg 900w\" sizes=\"auto, (max-width: 300px) 100vw, 300px\" \/><\/p>\n<p>Kysytt\u00e4v\u00e4\u00e4? Minut tavoittaa satu.tuomela (at) gmail.com.<\/p>\n<\/div>\n<\/div><\/div><\/div><\/div><div id=\"pgc-36-1-1\"  class=\"panel-grid-cell panel-grid-cell-empty\" ><\/div><\/div><\/div><\/div>","protected":false},"excerpt":{"rendered":"<p>Satu Tuomela Agilityharrastaja Agilitykouluttaja Valokuvaaja KTM Sipoo P\u00e4ivisin viihdyt\u00e4n itse\u00e4ni leip\u00e4ty\u00f6ni parissa kansainv\u00e4lisen markkinoinnin maailmassa ja siit\u00e4 ylij\u00e4\u00e4v\u00e4n osuuden yleens\u00e4 varsin koirapitoisissa [&hellip;]<\/p>\n","protected":false},"author":1,"featured_media":0,"parent":0,"menu_order":0,"comment_status":"closed","ping_status":"closed","template":"page-templates\/page_fullwidth.php","meta":{"footnotes":""},"class_list":["post-36","page","type-page","status-publish","hentry"],"_links":{"self":[{"href":"https:\/\/javanas.net\/testsite\/wp-json\/wp\/v2\/pages\/36","targetHints":{"allow":["GET"]}}],"collection":[{"href":"https:\/\/javanas.net\/testsite\/wp-json\/wp\/v2\/pages"}],"about":[{"href":"https:\/\/javanas.net\/testsite\/wp-json\/wp\/v2\/types\/page"}],"author":[{"embeddable":true,"href":"https:\/\/javanas.net\/testsite\/wp-json\/wp\/v2\/users\/1"}],"replies":[{"embeddable":true,"href":"https:\/\/javanas.net\/testsite\/wp-json\/wp\/v2\/comments?post=36"}],"version-history":[{"count":12,"href":"https:\/\/javanas.net\/testsite\/wp-json\/wp\/v2\/pages\/36\/revisions"}],"predecessor-version":[{"id":722,"href":"https:\/\/javanas.net\/testsite\/wp-json\/wp\/v2\/pages\/36\/revisions\/722"}],"wp:attachment":[{"href":"https:\/\/javanas.net\/testsite\/wp-json\/wp\/v2\/media?parent=36"}],"curies":[{"name":"wp","href":"https:\/\/api.w.org\/{rel}","templated":true}]}}