{"id":525,"date":"2021-12-28T22:15:14","date_gmt":"2021-12-28T20:15:14","guid":{"rendered":"http:\/\/javanas.net\/?page_id=525"},"modified":"2023-11-14T20:00:06","modified_gmt":"2023-11-14T18:00:06","slug":"aysling1-iona-x-tsekki","status":"publish","type":"page","link":"https:\/\/javanas.net\/testsite\/kasvatus\/aysling1-iona-x-tsekki\/","title":{"rendered":"Aysling1 &#8211; Iona x T\u0161ekki"},"content":{"rendered":"<div id=\"pl-525\"  class=\"panel-layout\" ><div id=\"pg-525-0\"  class=\"panel-grid panel-has-style\" ><div class=\"siteorigin-panels-stretch panel-row-style panel-row-style-for-525-0\" style=\"background-image: url(https:\/\/javanas.net\/testsite\/wp-content\/uploads\/2020\/10\/20200405-Pennut-210320-1110.jpg);padding: 100px 0; \" data-stretch-type=\"full\" data-hasbg=\"hasbg\" data-overlay-color=\"#000000\" ><div id=\"pgc-525-0-0\"  class=\"panel-grid-cell panel-grid-cell-empty\" ><\/div><div id=\"pgc-525-0-1\"  class=\"panel-grid-cell\" ><div id=\"panel-525-0-1-0\" class=\"so-panel widget widget_text panel-first-child\" data-index=\"0\" ><div style=\"text-align: left;\" data-title-color=\"#443f3f\" data-headings-color=\"#443f3f\" class=\"panel-widget-style panel-widget-style-for-525-0-1-0\" ><h3 class=\"widget-title\">Aysling 1<\/h3>\t\t\t<div class=\"textwidget\">\n\n<\/div>\n\t\t<\/div><\/div><div id=\"panel-525-0-1-1\" class=\"so-panel widget widget_text panel-last-child\" data-index=\"1\" ><div style=\"text-align: left;\" data-title-color=\"#443f3f\" data-headings-color=\"#443f3f\" class=\"panel-widget-style panel-widget-style-for-525-0-1-1\" >\t\t\t<div class=\"textwidget\"><p>.<br \/>\n.<br \/>\n.<br \/>\n.<br \/>\n.<br \/>\n.<\/p>\n<\/div>\n\t\t<\/div><\/div><\/div><\/div><\/div><div id=\"pg-525-1\"  class=\"panel-grid panel-has-style\" ><div style=\"padding: 100px 0; \" data-overlay=\"true\" data-overlay-color=\"#000000\" class=\"panel-row-style panel-row-style-for-525-1\" ><div id=\"pgc-525-1-0\"  class=\"panel-grid-cell\" ><div id=\"panel-525-1-0-0\" class=\"so-panel widget widget_sow-headline panel-first-child panel-last-child\" data-index=\"2\" ><div style=\"text-align: left;\" data-title-color=\"#443f3f\" data-headings-color=\"#443f3f\" class=\"panel-widget-style panel-widget-style-for-525-1-0-0\" ><div\n\t\t\t\n\t\t\tclass=\"so-widget-sow-headline so-widget-sow-headline-default-338ea1108df4-525\"\n\t\t\t\n\t\t><div class=\"sow-headline-container \">\n\t<h1 class='sow-headline'>Aysling1 (Iona x T\u0161ekki)<\/h1>\t\t\t\t\t<div class=\"decoration\">\n\t\t\t\t\t\t<div class=\"decoration-inside\"><\/div>\n\t\t\t\t\t<\/div>\n\t\t\t\t\t<h3 class='sow-sub-headline'>s. 7.3.2020<\/h3><\/div><\/div><\/div><\/div><\/div><\/div><\/div><div id=\"pg-525-2\"  class=\"panel-grid panel-has-style\" ><div class=\"siteorigin-panels-stretch panel-row-style panel-row-style-for-525-2\" style=\"padding: 100px 0; \" data-stretch-type=\"full\" data-overlay=\"true\" data-overlay-color=\"#000000\" ><div id=\"pgc-525-2-0\"  class=\"panel-grid-cell\" ><div id=\"panel-525-2-0-0\" class=\"so-panel widget widget_sow-image panel-first-child\" data-index=\"3\" ><div style=\"text-align: left;\" data-title-color=\"#443f3f\" data-headings-color=\"#443f3f\" class=\"panel-widget-style panel-widget-style-for-525-2-0-0\" ><div\n\t\t\t\n\t\t\tclass=\"so-widget-sow-image so-widget-sow-image-default-d6014b76747a-525\"\n\t\t\t\n\t\t>\n\n<div class=\"sow-image-container\">\n\t\t<img decoding=\"async\" src=\"https:\/\/javanas.net\/testsite\/wp-content\/uploads\/2018\/09\/iona102019-1.png\" width=\"1890\" height=\"1176\" srcset=\"https:\/\/javanas.net\/testsite\/wp-content\/uploads\/2018\/09\/iona102019-1.png 1890w, https:\/\/javanas.net\/testsite\/wp-content\/uploads\/2018\/09\/iona102019-1-300x187.png 300w, https:\/\/javanas.net\/testsite\/wp-content\/uploads\/2018\/09\/iona102019-1-768x478.png 768w, https:\/\/javanas.net\/testsite\/wp-content\/uploads\/2018\/09\/iona102019-1-1024x637.png 1024w, https:\/\/javanas.net\/testsite\/wp-content\/uploads\/2018\/09\/iona102019-1-830x516.png 830w, https:\/\/javanas.net\/testsite\/wp-content\/uploads\/2018\/09\/iona102019-1-230x143.png 230w, https:\/\/javanas.net\/testsite\/wp-content\/uploads\/2018\/09\/iona102019-1-350x218.png 350w, https:\/\/javanas.net\/testsite\/wp-content\/uploads\/2018\/09\/iona102019-1-480x299.png 480w\" sizes=\"auto, (max-width: 1890px) 100vw, 1890px\" title=\"iona102019\" alt=\"\" loading=\"lazy\" \t\tclass=\"so-widget-image\"\/>\n\t<\/div>\n\n<\/div><\/div><\/div><div id=\"panel-525-2-0-1\" class=\"so-panel widget widget_sow-image panel-last-child\" data-index=\"4\" ><div style=\"text-align: left;\" data-title-color=\"#443f3f\" data-headings-color=\"#443f3f\" class=\"panel-widget-style panel-widget-style-for-525-2-0-1\" ><div\n\t\t\t\n\t\t\tclass=\"so-widget-sow-image so-widget-sow-image-default-d6014b76747a-525\"\n\t\t\t\n\t\t>\n\n<div class=\"sow-image-container\">\n\t\t<img decoding=\"async\" src=\"https:\/\/javanas.net\/testsite\/wp-content\/uploads\/2018\/09\/tsekki102019-1.png\" width=\"1890\" height=\"1176\" srcset=\"https:\/\/javanas.net\/testsite\/wp-content\/uploads\/2018\/09\/tsekki102019-1.png 1890w, https:\/\/javanas.net\/testsite\/wp-content\/uploads\/2018\/09\/tsekki102019-1-300x187.png 300w, https:\/\/javanas.net\/testsite\/wp-content\/uploads\/2018\/09\/tsekki102019-1-768x478.png 768w, https:\/\/javanas.net\/testsite\/wp-content\/uploads\/2018\/09\/tsekki102019-1-1024x637.png 1024w, https:\/\/javanas.net\/testsite\/wp-content\/uploads\/2018\/09\/tsekki102019-1-830x516.png 830w, https:\/\/javanas.net\/testsite\/wp-content\/uploads\/2018\/09\/tsekki102019-1-230x143.png 230w, https:\/\/javanas.net\/testsite\/wp-content\/uploads\/2018\/09\/tsekki102019-1-350x218.png 350w, https:\/\/javanas.net\/testsite\/wp-content\/uploads\/2018\/09\/tsekki102019-1-480x299.png 480w\" sizes=\"auto, (max-width: 1890px) 100vw, 1890px\" title=\"tsekki102019\" alt=\"\" loading=\"lazy\" \t\tclass=\"so-widget-image\"\/>\n\t<\/div>\n\n<\/div><\/div><\/div><\/div><\/div><\/div><div id=\"pg-525-3\"  class=\"panel-grid panel-has-style\" ><div style=\"padding: 100px 0; \" data-overlay=\"true\" data-overlay-color=\"#000000\" class=\"panel-row-style panel-row-style-for-525-3\" ><div id=\"pgc-525-3-0\"  class=\"panel-grid-cell\" ><div id=\"panel-525-3-0-0\" class=\"so-panel widget widget_sow-image panel-first-child\" data-index=\"5\" ><div style=\"text-align: left;\" data-title-color=\"#443f3f\" data-headings-color=\"#443f3f\" class=\"panel-widget-style panel-widget-style-for-525-3-0-0\" ><div\n\t\t\t\n\t\t\tclass=\"so-widget-sow-image so-widget-sow-image-default-d6014b76747a-525\"\n\t\t\t\n\t\t>\n\n<div class=\"sow-image-container\">\n\t\t<img decoding=\"async\" src=\"https:\/\/javanas.net\/testsite\/wp-content\/uploads\/2021\/12\/20210717-IMG_2509.jpg\" width=\"2048\" height=\"1365\" srcset=\"https:\/\/javanas.net\/testsite\/wp-content\/uploads\/2021\/12\/20210717-IMG_2509.jpg 2048w, https:\/\/javanas.net\/testsite\/wp-content\/uploads\/2021\/12\/20210717-IMG_2509-300x200.jpg 300w, https:\/\/javanas.net\/testsite\/wp-content\/uploads\/2021\/12\/20210717-IMG_2509-768x512.jpg 768w, https:\/\/javanas.net\/testsite\/wp-content\/uploads\/2021\/12\/20210717-IMG_2509-1024x683.jpg 1024w, https:\/\/javanas.net\/testsite\/wp-content\/uploads\/2021\/12\/20210717-IMG_2509-830x553.jpg 830w, https:\/\/javanas.net\/testsite\/wp-content\/uploads\/2021\/12\/20210717-IMG_2509-230x153.jpg 230w, https:\/\/javanas.net\/testsite\/wp-content\/uploads\/2021\/12\/20210717-IMG_2509-350x233.jpg 350w, https:\/\/javanas.net\/testsite\/wp-content\/uploads\/2021\/12\/20210717-IMG_2509-480x320.jpg 480w, https:\/\/javanas.net\/testsite\/wp-content\/uploads\/2021\/12\/20210717-IMG_2509-272x182.jpg 272w\" sizes=\"auto, (max-width: 2048px) 100vw, 2048px\" title=\"20210717-img_2509\" alt=\"\" loading=\"lazy\" \t\tclass=\"so-widget-image\"\/>\n\t<\/div>\n\n<\/div><\/div><\/div><div id=\"panel-525-3-0-1\" class=\"so-panel widget widget_text\" data-index=\"6\" ><div style=\"text-align: left;\" data-title-color=\"#443f3f\" data-headings-color=\"#443f3f\" class=\"panel-widget-style panel-widget-style-for-525-3-0-1\" ><h3 class=\"widget-title\">Aysling Aww Thor, Zima<\/h3>\t\t\t<div class=\"textwidget\"><p>Mustavalkoinen uros<\/p>\n<p>Lonkat: A\/A<br \/>\nKyyn\u00e4r\u00e4t: 0\/0<br \/>\nSelk\u00e4: LTV0, VA1<br \/>\nSilm\u00e4t: Terveet pentuna<br \/>\nAgility: FI AVA, FI AVA-H<br \/>\nKivespuutos<\/p>\n<\/div>\n\t\t<\/div><\/div><div id=\"panel-525-3-0-2\" class=\"so-panel widget widget_sow-image\" data-index=\"7\" ><div style=\"text-align: left;\" data-title-color=\"#443f3f\" data-headings-color=\"#443f3f\" class=\"panel-widget-style panel-widget-style-for-525-3-0-2\" ><div\n\t\t\t\n\t\t\tclass=\"so-widget-sow-image so-widget-sow-image-default-d6014b76747a-525\"\n\t\t\t\n\t\t>\n\n<div class=\"sow-image-container\">\n\t\t<img decoding=\"async\" src=\"https:\/\/javanas.net\/testsite\/wp-content\/uploads\/2021\/12\/20211017-IMG_3099.jpg\" width=\"2048\" height=\"1365\" srcset=\"https:\/\/javanas.net\/testsite\/wp-content\/uploads\/2021\/12\/20211017-IMG_3099.jpg 2048w, https:\/\/javanas.net\/testsite\/wp-content\/uploads\/2021\/12\/20211017-IMG_3099-300x200.jpg 300w, https:\/\/javanas.net\/testsite\/wp-content\/uploads\/2021\/12\/20211017-IMG_3099-768x512.jpg 768w, https:\/\/javanas.net\/testsite\/wp-content\/uploads\/2021\/12\/20211017-IMG_3099-1024x683.jpg 1024w, https:\/\/javanas.net\/testsite\/wp-content\/uploads\/2021\/12\/20211017-IMG_3099-830x553.jpg 830w, https:\/\/javanas.net\/testsite\/wp-content\/uploads\/2021\/12\/20211017-IMG_3099-230x153.jpg 230w, https:\/\/javanas.net\/testsite\/wp-content\/uploads\/2021\/12\/20211017-IMG_3099-350x233.jpg 350w, https:\/\/javanas.net\/testsite\/wp-content\/uploads\/2021\/12\/20211017-IMG_3099-480x320.jpg 480w, https:\/\/javanas.net\/testsite\/wp-content\/uploads\/2021\/12\/20211017-IMG_3099-272x182.jpg 272w\" sizes=\"auto, (max-width: 2048px) 100vw, 2048px\" title=\"20211017-img_3099\" alt=\"\" loading=\"lazy\" \t\tclass=\"so-widget-image\"\/>\n\t<\/div>\n\n<\/div><\/div><\/div><div id=\"panel-525-3-0-3\" class=\"so-panel widget widget_text\" data-index=\"8\" ><div style=\"text-align: left;\" data-title-color=\"#443f3f\" data-headings-color=\"#443f3f\" class=\"panel-widget-style panel-widget-style-for-525-3-0-3\" ><h3 class=\"widget-title\">Aysling Aww Freyr, Fei<\/h3>\t\t\t<div class=\"textwidget\"><p>Tricolor uros<\/p>\n<p>Lonkat: A\/A<br \/>\nKyyn\u00e4r\u00e4t: 0\/0<br \/>\nPoivet: 0\/0<br \/>\nSelk\u00e4: LTV0, VA1<br \/>\nSilm\u00e4t: Terveet pentuna<br \/>\nAgility: FI AVA<br \/>\nKivespuutos<\/p>\n<\/div>\n\t\t<\/div><\/div><div id=\"panel-525-3-0-4\" class=\"so-panel widget widget_sow-image\" data-index=\"9\" ><div style=\"text-align: left;\" data-title-color=\"#443f3f\" data-headings-color=\"#443f3f\" class=\"panel-widget-style panel-widget-style-for-525-3-0-4\" ><div\n\t\t\t\n\t\t\tclass=\"so-widget-sow-image so-widget-sow-image-default-d6014b76747a-525\"\n\t\t\t\n\t\t>\n\n<div class=\"sow-image-container\">\n\t\t<img decoding=\"async\" src=\"https:\/\/javanas.net\/testsite\/wp-content\/uploads\/2020\/05\/20210517-IMG_2072-Edit.jpg\" width=\"2048\" height=\"1331\" srcset=\"https:\/\/javanas.net\/testsite\/wp-content\/uploads\/2020\/05\/20210517-IMG_2072-Edit.jpg 2048w, https:\/\/javanas.net\/testsite\/wp-content\/uploads\/2020\/05\/20210517-IMG_2072-Edit-300x195.jpg 300w, https:\/\/javanas.net\/testsite\/wp-content\/uploads\/2020\/05\/20210517-IMG_2072-Edit-768x499.jpg 768w, https:\/\/javanas.net\/testsite\/wp-content\/uploads\/2020\/05\/20210517-IMG_2072-Edit-1024x666.jpg 1024w, https:\/\/javanas.net\/testsite\/wp-content\/uploads\/2020\/05\/20210517-IMG_2072-Edit-830x539.jpg 830w, https:\/\/javanas.net\/testsite\/wp-content\/uploads\/2020\/05\/20210517-IMG_2072-Edit-230x149.jpg 230w, https:\/\/javanas.net\/testsite\/wp-content\/uploads\/2020\/05\/20210517-IMG_2072-Edit-350x227.jpg 350w, https:\/\/javanas.net\/testsite\/wp-content\/uploads\/2020\/05\/20210517-IMG_2072-Edit-480x312.jpg 480w\" sizes=\"auto, (max-width: 2048px) 100vw, 2048px\" title=\"20210517-img_2072-edit\" alt=\"Ness 1,5v\" loading=\"lazy\" \t\tclass=\"so-widget-image\"\/>\n\t<\/div>\n\n<\/div><\/div><\/div><div id=\"panel-525-3-0-5\" class=\"so-panel widget widget_text panel-last-child\" data-index=\"10\" ><div style=\"text-align: left;\" data-title-color=\"#443f3f\" data-headings-color=\"#443f3f\" class=\"panel-widget-style panel-widget-style-for-525-3-0-5\" ><h3 class=\"widget-title\">Aysling Aww Freya, Ness<\/h3>\t\t\t<div class=\"textwidget\"><p>Tricolor narttu<\/p>\n<p>Lonkat: C\/C<br \/>\nKyyn\u00e4r\u00e4: 1\/1<br \/>\nPolvet: 0\/0<br \/>\nSyd\u00e4n: Terve, ei sivu\u00e4\u00e4ni\u00e4<br \/>\nSilm\u00e4t: Terveet pentuna<br \/>\nSelk\u00e4t: LTV0, VA0<br \/>\nKorkeus: 37cm<br \/>\nAgility: FI AVA, 2xSERT-H<\/p>\n<\/div>\n\t\t<\/div><\/div><\/div><\/div><\/div><\/div>","protected":false},"excerpt":{"rendered":"<p>. . . . . .<\/p>\n","protected":false},"author":1,"featured_media":0,"parent":401,"menu_order":0,"comment_status":"closed","ping_status":"closed","template":"","meta":{"footnotes":""},"class_list":["post-525","page","type-page","status-publish","hentry"],"_links":{"self":[{"href":"https:\/\/javanas.net\/testsite\/wp-json\/wp\/v2\/pages\/525","targetHints":{"allow":["GET"]}}],"collection":[{"href":"https:\/\/javanas.net\/testsite\/wp-json\/wp\/v2\/pages"}],"about":[{"href":"https:\/\/javanas.net\/testsite\/wp-json\/wp\/v2\/types\/page"}],"author":[{"embeddable":true,"href":"https:\/\/javanas.net\/testsite\/wp-json\/wp\/v2\/users\/1"}],"replies":[{"embeddable":true,"href":"https:\/\/javanas.net\/testsite\/wp-json\/wp\/v2\/comments?post=525"}],"version-history":[{"count":28,"href":"https:\/\/javanas.net\/testsite\/wp-json\/wp\/v2\/pages\/525\/revisions"}],"predecessor-version":[{"id":729,"href":"https:\/\/javanas.net\/testsite\/wp-json\/wp\/v2\/pages\/525\/revisions\/729"}],"up":[{"embeddable":true,"href":"https:\/\/javanas.net\/testsite\/wp-json\/wp\/v2\/pages\/401"}],"wp:attachment":[{"href":"https:\/\/javanas.net\/testsite\/wp-json\/wp\/v2\/media?parent=525"}],"curies":[{"name":"wp","href":"https:\/\/api.w.org\/{rel}","templated":true}]}}