{"id":603,"date":"2022-04-17T21:37:29","date_gmt":"2022-04-17T19:37:29","guid":{"rendered":"http:\/\/javanas.net\/?page_id=603"},"modified":"2024-10-06T20:03:16","modified_gmt":"2024-10-06T18:03:16","slug":"yuku","status":"publish","type":"page","link":"https:\/\/javanas.net\/testsite\/koirat\/yuku\/","title":{"rendered":"Yuku"},"content":{"rendered":"<div id=\"pl-603\"  class=\"panel-layout\" ><div id=\"pg-603-0\"  class=\"panel-grid panel-has-style\" ><div class=\"siteorigin-panels-stretch panel-row-style panel-row-style-for-603-0\" style=\"background-image: url(https:\/\/javanas.net\/testsite\/wp-content\/uploads\/2022\/04\/20220403-20220403-IMG_7390.jpg);padding: 100px 0; \" data-stretch-type=\"full\" data-hasbg=\"hasbg\" data-overlay-color=\"#000000\" ><div id=\"pgc-603-0-0\"  class=\"panel-grid-cell\" ><div id=\"panel-603-0-0-0\" class=\"so-panel widget widget_sow-editor panel-first-child panel-last-child\" data-index=\"0\" ><div style=\"text-align: left;\" data-title-color=\"#ffffff\" data-headings-color=\"#443f3f\" class=\"panel-widget-style panel-widget-style-for-603-0-0-0\" ><div\n\t\t\t\n\t\t\tclass=\"so-widget-sow-editor so-widget-sow-editor-base\"\n\t\t\t\n\t\t><h3 class=\"widget-title\">Aysling Be My Jigglypuff<\/h3>\n<div class=\"siteorigin-widget-tinymce textwidget\">\n\t<p>Nimi: Aysling Be My Jigglypuff, \"Yuku\"<\/p>\n<p>Is\u00e4:\u00a0Senza's Legacy of the Five Colors<br \/>\nEm\u00e4: K\u00e4pylaakson Ilon Tuoja<\/p>\n<p>Sukupuoli: Narttu<\/p>\n<p>Syntynyt: 11.2.2022<\/p>\n<p>Korkeus: 34cm, 5,9kg<\/p>\n<p>V\u00e4ri: Mustavalkoinen<\/p>\n<p>Terveys:<\/p>\n<p>Lonkat A\/A<br \/>\nKyyn\u00e4r\u00e4t 0\/0<br \/>\nPolvet 0\/0<br \/>\nSelk\u00e4: LTV0, VA0<br \/>\nOlat: Terve\/Terve<br \/>\nPolvet: 0\/0<br \/>\nSyd\u00e4n: Ei sivu\u00e4\u00e4ni\u00e4<br \/>\nSilm\u00e4t: Terveet 02\/22 &amp; 04\/23<br \/>\nHampaat: Oikea purenta, puuttuu 1xP<\/p>\n<p>CEA +\/-<br \/>\nMDR1 N\/N<br \/>\nPRA CNGA3 &amp; BS2 N\/N<br \/>\nDM N\/N<br \/>\nvWD3 N\/N<\/p>\n<p>Harrastukset:<\/p>\n<p>Hassuttelu<br \/>\nTuhmiointi<\/p>\n<\/div>\n<\/div><\/div><\/div><\/div><\/div><\/div><div id=\"pg-603-1\"  class=\"panel-grid panel-has-style\" ><div style=\"padding: 10px 0; \" data-overlay=\"true\" data-overlay-color=\"#000000\" class=\"panel-row-style panel-row-style-for-603-1\" ><div id=\"pgc-603-1-0\"  class=\"panel-grid-cell\" ><div id=\"panel-603-1-0-0\" class=\"so-panel widget widget_sow-button panel-first-child panel-last-child\" data-index=\"1\" ><div style=\"text-align: left;\" data-title-color=\"#443f3f\" data-headings-color=\"#443f3f\" class=\"panel-widget-style panel-widget-style-for-603-1-0-0\" ><div\n\t\t\t\n\t\t\tclass=\"so-widget-sow-button so-widget-sow-button-atom-b4f6b6b19f96-603\"\n\t\t\t\n\t\t><div class=\"ow-button-base ow-button-align-center\">\n\t<a href=\"https:\/\/jalostus.kennelliitto.fi\/frmKoira.aspx?RekNo=FI20284%2F22&#038;R=88\" class=\"ow-icon-placement-left ow-button-hover\" target=\"_blank\" rel=\"noopener noreferrer\" \t\t>\n\t\t<span>\n\t\t\t<span class=\"sow-icon-fontawesome sow-fas\" data-sow-icon=\"&#xf3a5;\"\n\t\t \n\t\taria-hidden=\"true\"><\/span>\n\t\t\tYuku KoiraNetiss\u00e4\t\t<\/span>\n\t<\/a>\n<\/div>\n<\/div><\/div><\/div><\/div><\/div><\/div><div id=\"pg-603-2\"  class=\"panel-grid panel-has-style\" ><div style=\"padding: 10px 0; \" data-overlay=\"true\" data-overlay-color=\"#000000\" class=\"panel-row-style panel-row-style-for-603-2\" ><div id=\"pgc-603-2-0\"  class=\"panel-grid-cell\" ><div id=\"panel-603-2-0-0\" class=\"so-panel widget widget_text panel-first-child\" data-index=\"2\" ><div style=\"text-align: left;\" data-title-color=\"#443f3f\" data-headings-color=\"#443f3f\" class=\"panel-widget-style panel-widget-style-for-603-2-0-0\" >\t\t\t<div class=\"textwidget\">Vaikkei varsinaisesti meill\u00e4 ollut koiranpaikkaa auki, oli kuitenkin Yukun ment\u00e4v\u00e4 kolo. T\u00e4ll\u00e4kin kertaa kotiin j\u00e4i se pentueen ensimm\u00e4isen\u00e4 syntynyt ja isolla lusikalla on luonnetta ilmeisesti siin\u00e4 jonossa ollut silloin tyrkyll\u00e4. Yuku on ollut pienest\u00e4 pit\u00e4en omien juttujen puuhastelija ja kerrassaan kiireinen pikkupartiolainen. Ei siin\u00e4 ehdi niin ihmisten tylsi\u00e4 jutttuja j\u00e4\u00e4d\u00e4 kuuntelemaan, kun maailma on valtavan iso ja yksinkertaisesti aikaa ei ole hukattavaksi turhuuksiin! Jos Yukulta kysytt\u00e4isiin, niin h\u00e4n el\u00e4isi vallan onnellisena ulkona puutarhatonttuna. Seikkailuja riitt\u00e4\u00e4 niin terassien alla kuin kukkapenkeiss\u00e4 ihan omatoimisesti.\n\n<\/div>\n\t\t<\/div><\/div><div id=\"panel-603-2-0-1\" class=\"so-panel widget widget_sow-image\" data-index=\"3\" ><div style=\"text-align: left;\" data-title-color=\"#443f3f\" data-headings-color=\"#443f3f\" class=\"panel-widget-style panel-widget-style-for-603-2-0-1\" ><div\n\t\t\t\n\t\t\tclass=\"so-widget-sow-image so-widget-sow-image-default-d6014b76747a-603\"\n\t\t\t\n\t\t>\n\n<div class=\"sow-image-container\">\n\t\t<img decoding=\"async\" src=\"https:\/\/javanas.net\/testsite\/wp-content\/uploads\/2024\/10\/20241006-20241006-0G7A5273-768x512.jpg\" width=\"768\" height=\"512\" srcset=\"https:\/\/javanas.net\/testsite\/wp-content\/uploads\/2024\/10\/20241006-20241006-0G7A5273-768x512.jpg 768w, https:\/\/javanas.net\/testsite\/wp-content\/uploads\/2024\/10\/20241006-20241006-0G7A5273-300x200.jpg 300w, https:\/\/javanas.net\/testsite\/wp-content\/uploads\/2024\/10\/20241006-20241006-0G7A5273-1024x683.jpg 1024w, https:\/\/javanas.net\/testsite\/wp-content\/uploads\/2024\/10\/20241006-20241006-0G7A5273-1536x1024.jpg 1536w, https:\/\/javanas.net\/testsite\/wp-content\/uploads\/2024\/10\/20241006-20241006-0G7A5273-1000x667.jpg 1000w, https:\/\/javanas.net\/testsite\/wp-content\/uploads\/2024\/10\/20241006-20241006-0G7A5273-230x153.jpg 230w, https:\/\/javanas.net\/testsite\/wp-content\/uploads\/2024\/10\/20241006-20241006-0G7A5273-350x233.jpg 350w, https:\/\/javanas.net\/testsite\/wp-content\/uploads\/2024\/10\/20241006-20241006-0G7A5273-480x320.jpg 480w, https:\/\/javanas.net\/testsite\/wp-content\/uploads\/2024\/10\/20241006-20241006-0G7A5273-272x182.jpg 272w, https:\/\/javanas.net\/testsite\/wp-content\/uploads\/2024\/10\/20241006-20241006-0G7A5273.jpg 2048w\" sizes=\"auto, (max-width: 768px) 100vw, 768px\" title=\"Yuku 2,5v\" alt=\"\" loading=\"lazy\" \t\tclass=\"so-widget-image\"\/>\n\t<\/div>\n\n<h3 class=\"widget-title\">Yuku 2,5v<\/h3><\/div><\/div><\/div><div id=\"panel-603-2-0-2\" class=\"so-panel widget widget_sow-image\" data-index=\"4\" ><div style=\"text-align: left;\" data-title-color=\"#443f3f\" data-headings-color=\"#443f3f\" class=\"panel-widget-style panel-widget-style-for-603-2-0-2\" ><div\n\t\t\t\n\t\t\tclass=\"so-widget-sow-image so-widget-sow-image-default-d6014b76747a-603\"\n\t\t\t\n\t\t>\n\n<div class=\"sow-image-container\">\n\t\t<img decoding=\"async\" src=\"https:\/\/javanas.net\/testsite\/wp-content\/uploads\/2023\/04\/20230420-20230420-0G7A6439-768x512.jpg\" width=\"768\" height=\"512\" srcset=\"https:\/\/javanas.net\/testsite\/wp-content\/uploads\/2023\/04\/20230420-20230420-0G7A6439-768x512.jpg 768w, https:\/\/javanas.net\/testsite\/wp-content\/uploads\/2023\/04\/20230420-20230420-0G7A6439-300x200.jpg 300w, https:\/\/javanas.net\/testsite\/wp-content\/uploads\/2023\/04\/20230420-20230420-0G7A6439-1024x683.jpg 1024w, https:\/\/javanas.net\/testsite\/wp-content\/uploads\/2023\/04\/20230420-20230420-0G7A6439-1536x1024.jpg 1536w, https:\/\/javanas.net\/testsite\/wp-content\/uploads\/2023\/04\/20230420-20230420-0G7A6439-1000x667.jpg 1000w, https:\/\/javanas.net\/testsite\/wp-content\/uploads\/2023\/04\/20230420-20230420-0G7A6439-230x153.jpg 230w, https:\/\/javanas.net\/testsite\/wp-content\/uploads\/2023\/04\/20230420-20230420-0G7A6439-350x233.jpg 350w, https:\/\/javanas.net\/testsite\/wp-content\/uploads\/2023\/04\/20230420-20230420-0G7A6439-480x320.jpg 480w, https:\/\/javanas.net\/testsite\/wp-content\/uploads\/2023\/04\/20230420-20230420-0G7A6439-272x182.jpg 272w, https:\/\/javanas.net\/testsite\/wp-content\/uploads\/2023\/04\/20230420-20230420-0G7A6439.jpg 2048w\" sizes=\"auto, (max-width: 768px) 100vw, 768px\" title=\"Yuku 14kk\" alt=\"\" loading=\"lazy\" \t\tclass=\"so-widget-image\"\/>\n\t<\/div>\n\n<h3 class=\"widget-title\">Yuku 14kk<\/h3><\/div><\/div><\/div><div id=\"panel-603-2-0-3\" class=\"so-panel widget widget_sow-image\" data-index=\"5\" ><div style=\"text-align: left;\" data-title-color=\"#443f3f\" data-headings-color=\"#443f3f\" class=\"panel-widget-style panel-widget-style-for-603-2-0-3\" ><div\n\t\t\t\n\t\t\tclass=\"so-widget-sow-image so-widget-sow-image-default-d6014b76747a-603\"\n\t\t\t\n\t\t>\n\n<div class=\"sow-image-container\">\n\t\t<img decoding=\"async\" src=\"https:\/\/javanas.net\/testsite\/wp-content\/uploads\/2021\/12\/20221016-0G7A0157-768x512.jpg\" width=\"768\" height=\"512\" srcset=\"https:\/\/javanas.net\/testsite\/wp-content\/uploads\/2021\/12\/20221016-0G7A0157-768x512.jpg 768w, https:\/\/javanas.net\/testsite\/wp-content\/uploads\/2021\/12\/20221016-0G7A0157-300x200.jpg 300w, https:\/\/javanas.net\/testsite\/wp-content\/uploads\/2021\/12\/20221016-0G7A0157-1024x683.jpg 1024w, https:\/\/javanas.net\/testsite\/wp-content\/uploads\/2021\/12\/20221016-0G7A0157-830x553.jpg 830w, https:\/\/javanas.net\/testsite\/wp-content\/uploads\/2021\/12\/20221016-0G7A0157-230x153.jpg 230w, https:\/\/javanas.net\/testsite\/wp-content\/uploads\/2021\/12\/20221016-0G7A0157-350x233.jpg 350w, https:\/\/javanas.net\/testsite\/wp-content\/uploads\/2021\/12\/20221016-0G7A0157-480x320.jpg 480w, https:\/\/javanas.net\/testsite\/wp-content\/uploads\/2021\/12\/20221016-0G7A0157-272x182.jpg 272w, https:\/\/javanas.net\/testsite\/wp-content\/uploads\/2021\/12\/20221016-0G7A0157.jpg 2048w\" sizes=\"auto, (max-width: 768px) 100vw, 768px\" title=\"Yuku 10kk\" alt=\"\" loading=\"lazy\" \t\tclass=\"so-widget-image\"\/>\n\t<\/div>\n\n<h3 class=\"widget-title\">Yuku 10kk<\/h3><\/div><\/div><\/div><div id=\"panel-603-2-0-4\" class=\"so-panel widget widget_sow-image\" data-index=\"6\" ><div style=\"text-align: left;\" data-title-color=\"#443f3f\" data-headings-color=\"#443f3f\" class=\"panel-widget-style panel-widget-style-for-603-2-0-4\" ><div\n\t\t\t\n\t\t\tclass=\"so-widget-sow-image so-widget-sow-image-default-d6014b76747a-603\"\n\t\t\t\n\t\t>\n\n<div class=\"sow-image-container\">\n\t\t<img decoding=\"async\" src=\"https:\/\/javanas.net\/testsite\/wp-content\/uploads\/2022\/04\/20220810-20220810-IMG_1244-768x512.jpg\" width=\"768\" height=\"512\" srcset=\"https:\/\/javanas.net\/testsite\/wp-content\/uploads\/2022\/04\/20220810-20220810-IMG_1244-768x512.jpg 768w, https:\/\/javanas.net\/testsite\/wp-content\/uploads\/2022\/04\/20220810-20220810-IMG_1244-300x200.jpg 300w, https:\/\/javanas.net\/testsite\/wp-content\/uploads\/2022\/04\/20220810-20220810-IMG_1244-1024x683.jpg 1024w, https:\/\/javanas.net\/testsite\/wp-content\/uploads\/2022\/04\/20220810-20220810-IMG_1244-830x553.jpg 830w, https:\/\/javanas.net\/testsite\/wp-content\/uploads\/2022\/04\/20220810-20220810-IMG_1244-230x153.jpg 230w, https:\/\/javanas.net\/testsite\/wp-content\/uploads\/2022\/04\/20220810-20220810-IMG_1244-350x233.jpg 350w, https:\/\/javanas.net\/testsite\/wp-content\/uploads\/2022\/04\/20220810-20220810-IMG_1244-480x320.jpg 480w, https:\/\/javanas.net\/testsite\/wp-content\/uploads\/2022\/04\/20220810-20220810-IMG_1244-272x182.jpg 272w, https:\/\/javanas.net\/testsite\/wp-content\/uploads\/2022\/04\/20220810-20220810-IMG_1244.jpg 2048w\" sizes=\"auto, (max-width: 768px) 100vw, 768px\" title=\"Yuku 6kk\" alt=\"\" loading=\"lazy\" \t\tclass=\"so-widget-image\"\/>\n\t<\/div>\n\n<h3 class=\"widget-title\">Yuku 6kk<\/h3><\/div><\/div><\/div><div id=\"panel-603-2-0-5\" class=\"so-panel widget widget_sow-image\" data-index=\"7\" ><div style=\"text-align: left;\" data-title-color=\"#443f3f\" data-headings-color=\"#443f3f\" class=\"panel-widget-style panel-widget-style-for-603-2-0-5\" ><div\n\t\t\t\n\t\t\tclass=\"so-widget-sow-image so-widget-sow-image-default-d6014b76747a-603\"\n\t\t\t\n\t\t>\n\n<div class=\"sow-image-container\">\n\t\t<img decoding=\"async\" src=\"https:\/\/javanas.net\/testsite\/wp-content\/uploads\/2022\/04\/20220415-20220415-IMG_8270-768x512.jpg\" width=\"768\" height=\"512\" srcset=\"https:\/\/javanas.net\/testsite\/wp-content\/uploads\/2022\/04\/20220415-20220415-IMG_8270-768x512.jpg 768w, https:\/\/javanas.net\/testsite\/wp-content\/uploads\/2022\/04\/20220415-20220415-IMG_8270-300x200.jpg 300w, https:\/\/javanas.net\/testsite\/wp-content\/uploads\/2022\/04\/20220415-20220415-IMG_8270-1024x683.jpg 1024w, https:\/\/javanas.net\/testsite\/wp-content\/uploads\/2022\/04\/20220415-20220415-IMG_8270-830x553.jpg 830w, https:\/\/javanas.net\/testsite\/wp-content\/uploads\/2022\/04\/20220415-20220415-IMG_8270-230x153.jpg 230w, https:\/\/javanas.net\/testsite\/wp-content\/uploads\/2022\/04\/20220415-20220415-IMG_8270-350x233.jpg 350w, https:\/\/javanas.net\/testsite\/wp-content\/uploads\/2022\/04\/20220415-20220415-IMG_8270-480x320.jpg 480w, https:\/\/javanas.net\/testsite\/wp-content\/uploads\/2022\/04\/20220415-20220415-IMG_8270-272x182.jpg 272w, https:\/\/javanas.net\/testsite\/wp-content\/uploads\/2022\/04\/20220415-20220415-IMG_8270.jpg 2048w\" sizes=\"auto, (max-width: 768px) 100vw, 768px\" title=\"Yuku 9vk\" alt=\"\" loading=\"lazy\" \t\tclass=\"so-widget-image\"\/>\n\t<\/div>\n\n<h3 class=\"widget-title\">Yuku 9vk<\/h3><\/div><\/div><\/div><div id=\"panel-603-2-0-6\" class=\"so-panel widget widget_sow-image panel-last-child\" data-index=\"8\" ><div style=\"text-align: left;\" data-title-color=\"#443f3f\" data-headings-color=\"#443f3f\" class=\"panel-widget-style panel-widget-style-for-603-2-0-6\" ><div\n\t\t\t\n\t\t\tclass=\"so-widget-sow-image so-widget-sow-image-default-d6014b76747a-603\"\n\t\t\t\n\t\t>\n\n<div class=\"sow-image-container\">\n\t\t<img decoding=\"async\" src=\"https:\/\/javanas.net\/testsite\/wp-content\/uploads\/2022\/04\/20220304-20220304-IMG_4693-768x512.jpg\" width=\"768\" height=\"512\" srcset=\"https:\/\/javanas.net\/testsite\/wp-content\/uploads\/2022\/04\/20220304-20220304-IMG_4693-768x512.jpg 768w, https:\/\/javanas.net\/testsite\/wp-content\/uploads\/2022\/04\/20220304-20220304-IMG_4693-300x200.jpg 300w, https:\/\/javanas.net\/testsite\/wp-content\/uploads\/2022\/04\/20220304-20220304-IMG_4693-1024x683.jpg 1024w, https:\/\/javanas.net\/testsite\/wp-content\/uploads\/2022\/04\/20220304-20220304-IMG_4693-830x553.jpg 830w, https:\/\/javanas.net\/testsite\/wp-content\/uploads\/2022\/04\/20220304-20220304-IMG_4693-230x153.jpg 230w, https:\/\/javanas.net\/testsite\/wp-content\/uploads\/2022\/04\/20220304-20220304-IMG_4693-350x233.jpg 350w, https:\/\/javanas.net\/testsite\/wp-content\/uploads\/2022\/04\/20220304-20220304-IMG_4693-480x320.jpg 480w, https:\/\/javanas.net\/testsite\/wp-content\/uploads\/2022\/04\/20220304-20220304-IMG_4693-272x182.jpg 272w, https:\/\/javanas.net\/testsite\/wp-content\/uploads\/2022\/04\/20220304-20220304-IMG_4693.jpg 2048w\" sizes=\"auto, (max-width: 768px) 100vw, 768px\" title=\"Yuku 2vk\" alt=\"\" loading=\"lazy\" \t\tclass=\"so-widget-image\"\/>\n\t<\/div>\n\n<h3 class=\"widget-title\">Yuku 2vk<\/h3><\/div><\/div><\/div><\/div><\/div><\/div><\/div>","protected":false},"excerpt":{"rendered":"<p>Nimi: Aysling Be My Jigglypuff, &#8220;Yuku&#8221; Is\u00e4:\u00a0Senza&#8217;s Legacy of the Five Colors Em\u00e4: K\u00e4pylaakson Ilon Tuoja Sukupuoli: Narttu Syntynyt: 11.2.2022 Korkeus: 34cm, [&hellip;]<\/p>\n","protected":false},"author":1,"featured_media":0,"parent":417,"menu_order":0,"comment_status":"closed","ping_status":"closed","template":"","meta":{"footnotes":""},"class_list":["post-603","page","type-page","status-publish","hentry"],"_links":{"self":[{"href":"https:\/\/javanas.net\/testsite\/wp-json\/wp\/v2\/pages\/603","targetHints":{"allow":["GET"]}}],"collection":[{"href":"https:\/\/javanas.net\/testsite\/wp-json\/wp\/v2\/pages"}],"about":[{"href":"https:\/\/javanas.net\/testsite\/wp-json\/wp\/v2\/types\/page"}],"author":[{"embeddable":true,"href":"https:\/\/javanas.net\/testsite\/wp-json\/wp\/v2\/users\/1"}],"replies":[{"embeddable":true,"href":"https:\/\/javanas.net\/testsite\/wp-json\/wp\/v2\/comments?post=603"}],"version-history":[{"count":17,"href":"https:\/\/javanas.net\/testsite\/wp-json\/wp\/v2\/pages\/603\/revisions"}],"predecessor-version":[{"id":792,"href":"https:\/\/javanas.net\/testsite\/wp-json\/wp\/v2\/pages\/603\/revisions\/792"}],"up":[{"embeddable":true,"href":"https:\/\/javanas.net\/testsite\/wp-json\/wp\/v2\/pages\/417"}],"wp:attachment":[{"href":"https:\/\/javanas.net\/testsite\/wp-json\/wp\/v2\/media?parent=603"}],"curies":[{"name":"wp","href":"https:\/\/api.w.org\/{rel}","templated":true}]}}