{"id":687,"date":"2023-05-19T18:10:06","date_gmt":"2023-05-19T16:10:06","guid":{"rendered":"https:\/\/javanas.net\/testsite\/?page_id=687"},"modified":"2025-12-09T10:19:15","modified_gmt":"2025-12-09T08:19:15","slug":"jalostukseen","status":"publish","type":"page","link":"https:\/\/javanas.net\/testsite\/kasvatus\/jalostukseen\/","title":{"rendered":"Jalostukseen"},"content":{"rendered":"<div id=\"pl-687\"  class=\"panel-layout\" ><div id=\"pg-687-0\"  class=\"panel-grid panel-has-style\" ><div class=\"siteorigin-panels-stretch panel-row-style panel-row-style-for-687-0\" style=\"background-image: url(https:\/\/javanas.net\/testsite\/wp-content\/uploads\/2023\/05\/20230513-20230513-0G7A8765.jpg);padding: 100px 0; \" data-stretch-type=\"full\" data-hasbg=\"hasbg\" data-overlay=\"true\" data-overlay-color=\"#ffffff\" ><div id=\"pgc-687-0-0\"  class=\"panel-grid-cell\" ><div id=\"panel-687-0-0-0\" class=\"so-panel widget widget_sow-editor panel-first-child panel-last-child\" data-index=\"0\" ><div style=\"text-align: left;\" data-title-color=\"#ffffff\" data-headings-color=\"#0a0909\" class=\"panel-widget-style panel-widget-style-for-687-0-0-0\" ><div\n\t\t\t\n\t\t\tclass=\"so-widget-sow-editor so-widget-sow-editor-base\"\n\t\t\t\n\t\t><h3 class=\"widget-title\">Levi<\/h3>\n<div class=\"siteorigin-widget-tinymce textwidget\">\n\t<p>Nimi: Aysling Be My Snorlax, \"Levi\"<\/p>\n<p>Is\u00e4:\u00a0Senza's Legacy of the Five Colors<br \/>\nEm\u00e4: FI AVA FI AVA-H K\u00e4pylaakson Ilon Tuoja<\/p>\n<p>Sukupuoli: Uros<\/p>\n<p>Syntynyt: 11.2.2022<\/p>\n<p>Korkeus: 38cm, 7kg<\/p>\n<p>V\u00e4ri: Mustavalkoinen<\/p>\n<p>Terveys:<\/p>\n<div dir=\"auto\">Lonkat A\/A<\/div>\n<div dir=\"auto\">Kyyn\u00e4r\u00e4t 0\/0<\/div>\n<div dir=\"auto\">Polvet 0\/0<\/div>\n<div dir=\"auto\">Selk\u00e4: LTV0, VA0<\/div>\n<div dir=\"auto\">Olat: Terve\/Terve<\/div>\n<div dir=\"auto\">Polvet: 0\/0<\/div>\n<div dir=\"auto\">Syd\u00e4n: Ei sivu\u00e4\u00e4ni\u00e4<\/div>\n<div dir=\"auto\">Silm\u00e4t: Terveet 02\/22 &amp; 04\/23<\/div>\n<div dir=\"auto\">Hampaat: Oikea purenta, puuttuu 1xP2<\/div>\n<div dir=\"auto\">Normaalit kivekset<\/div>\n<div dir=\"auto\">Om. Paula Ropponen &amp; Satu Tuomela, Aysling<\/div>\n<p>CEA N\/N<br \/>\nMDR1 N\/N<br \/>\nPRA CNGA3 &amp; BS2 N\/N<br \/>\nDM N\/N<br \/>\nvWD3 N\/N<br \/>\nEi valkotekij\u00e4\u00e4<br \/>\nDMS aAbB (low risk)<\/p>\n<\/div>\n<\/div><\/div><\/div><\/div><\/div><\/div><div id=\"pg-687-1\"  class=\"panel-grid panel-has-style\" ><div style=\"padding: 10px 0; \" data-overlay=\"true\" data-overlay-color=\"#000000\" class=\"panel-row-style panel-row-style-for-687-1\" ><div id=\"pgc-687-1-0\"  class=\"panel-grid-cell\" ><div id=\"panel-687-1-0-0\" class=\"so-panel widget widget_sow-button panel-first-child panel-last-child\" data-index=\"1\" ><div style=\"text-align: left;\" data-title-color=\"#443f3f\" data-headings-color=\"#443f3f\" class=\"panel-widget-style panel-widget-style-for-687-1-0-0\" ><div\n\t\t\t\n\t\t\tclass=\"so-widget-sow-button so-widget-sow-button-atom-b4f6b6b19f96-687\"\n\t\t\t\n\t\t><div class=\"ow-button-base ow-button-align-center\">\n\t<a href=\"https:\/\/jalostus.kennelliitto.fi\/frmKoira.aspx?RekNo=FI20285%2F22&#038;R=88\" class=\"ow-icon-placement-left ow-button-hover\" target=\"_blank\" rel=\"noopener noreferrer\" \t\t>\n\t\t<span>\n\t\t\t<span class=\"sow-icon-fontawesome sow-fas\" data-sow-icon=\"&#xf3a5;\"\n\t\t \n\t\taria-hidden=\"true\"><\/span>\n\t\t\tLevi KoiraNetiss\u00e4\t\t<\/span>\n\t<\/a>\n<\/div>\n<\/div><\/div><\/div><\/div><\/div><\/div><div id=\"pg-687-2\"  class=\"panel-grid panel-has-style\" ><div style=\"padding: 10px 0; \" data-overlay=\"true\" data-overlay-color=\"#000000\" class=\"panel-row-style panel-row-style-for-687-2\" ><div id=\"pgc-687-2-0\"  class=\"panel-grid-cell\" ><div id=\"panel-687-2-0-0\" class=\"so-panel widget widget_text panel-first-child\" data-index=\"2\" ><div style=\"text-align: left;\" data-title-color=\"#443f3f\" data-headings-color=\"#443f3f\" class=\"panel-widget-style panel-widget-style-for-687-2-0-0\" >\t\t\t<div class=\"textwidget\"><p>Levi on yhteisomistuksessa Paulan kanssa ja asuu &amp; harrastaa aktiivisesti agility\u00e4 h\u00e4nen kanssaan. T\u00e4ss\u00e4p\u00e4 Paulan kertomana:<\/p>\n<p><em>&#8220;Levi on pieni touhuilija, aina innoissaan tekemisest\u00e4. H\u00e4n nauttii hellittelyst\u00e4 ja rakastaa tekemist\u00e4 ihmisen kanssa. Levill\u00e4 on vahva ty\u00f6moottori. H\u00e4n on pennusta asti keskittynyt h\u00e4mm\u00e4stytt\u00e4v\u00e4n hyvin ty\u00f6skentelem\u00e4\u00e4n h\u00e4iri\u00f6iden keskell\u00e4. Levi motivoituu ja innostuu sek\u00e4 leluista ett\u00e4 ruuasta ja kiihtyy nollasta sataan nopeammin kuin ferrari. Sis\u00e4ll\u00e4\u00e4n h\u00e4nell\u00e4 on my\u00f6s tulta ja tappuraa, mutta l\u00e4ht\u00f6kohtaisesti Levi suhtautuu uteliaan yst\u00e4v\u00e4llisesti muihin. Levill\u00e4 on my\u00f6s paljon asiaa, eik\u00e4 h\u00e4nen kommenttinsa j\u00e4\u00e4 muilta kuulematta.&#8221;<\/em><\/p>\n<p>Levi on harkitusti jalostusk\u00e4yt\u00f6ss\u00e4 2024. Lis\u00e4tietoja minulta.<\/p>\n<\/div>\n\t\t<\/div><\/div><div id=\"panel-687-2-0-1\" class=\"so-panel widget widget_sow-image\" data-index=\"3\" ><div style=\"text-align: left;\" data-title-color=\"#443f3f\" data-headings-color=\"#443f3f\" class=\"panel-widget-style panel-widget-style-for-687-2-0-1\" ><div\n\t\t\t\n\t\t\tclass=\"so-widget-sow-image so-widget-sow-image-default-d6014b76747a-687\"\n\t\t\t\n\t\t>\n\n<div class=\"sow-image-container\">\n\t\t<img decoding=\"async\" src=\"https:\/\/javanas.net\/testsite\/wp-content\/uploads\/2025\/12\/Aysling-Be-My-Snorlax-urosmainos-768x1024.jpeg\" width=\"768\" height=\"1024\" srcset=\"https:\/\/javanas.net\/testsite\/wp-content\/uploads\/2025\/12\/Aysling-Be-My-Snorlax-urosmainos-768x1024.jpeg 768w, https:\/\/javanas.net\/testsite\/wp-content\/uploads\/2025\/12\/Aysling-Be-My-Snorlax-urosmainos-225x300.jpeg 225w, https:\/\/javanas.net\/testsite\/wp-content\/uploads\/2025\/12\/Aysling-Be-My-Snorlax-urosmainos-1152x1536.jpeg 1152w, https:\/\/javanas.net\/testsite\/wp-content\/uploads\/2025\/12\/Aysling-Be-My-Snorlax-urosmainos-1000x1334.jpeg 1000w, https:\/\/javanas.net\/testsite\/wp-content\/uploads\/2025\/12\/Aysling-Be-My-Snorlax-urosmainos-230x307.jpeg 230w, https:\/\/javanas.net\/testsite\/wp-content\/uploads\/2025\/12\/Aysling-Be-My-Snorlax-urosmainos-350x467.jpeg 350w, https:\/\/javanas.net\/testsite\/wp-content\/uploads\/2025\/12\/Aysling-Be-My-Snorlax-urosmainos-480x640.jpeg 480w, https:\/\/javanas.net\/testsite\/wp-content\/uploads\/2025\/12\/Aysling-Be-My-Snorlax-urosmainos.jpeg 1417w\" sizes=\"auto, (max-width: 768px) 100vw, 768px\" title=\"Levi\" alt=\"\" loading=\"lazy\" \t\tclass=\"so-widget-image\"\/>\n\t<\/div>\n\n<\/div><\/div><\/div><div id=\"panel-687-2-0-2\" class=\"so-panel widget widget_sow-image\" data-index=\"4\" ><div style=\"text-align: left;\" data-title-color=\"#443f3f\" data-headings-color=\"#443f3f\" class=\"panel-widget-style panel-widget-style-for-687-2-0-2\" ><div\n\t\t\t\n\t\t\tclass=\"so-widget-sow-image so-widget-sow-image-default-d6014b76747a-687\"\n\t\t\t\n\t\t>\n\n<div class=\"sow-image-container\">\n\t\t<img decoding=\"async\" src=\"https:\/\/javanas.net\/testsite\/wp-content\/uploads\/2023\/05\/20230513-20230513-0G7A8765-768x512.jpg\" width=\"768\" height=\"512\" srcset=\"https:\/\/javanas.net\/testsite\/wp-content\/uploads\/2023\/05\/20230513-20230513-0G7A8765-768x512.jpg 768w, https:\/\/javanas.net\/testsite\/wp-content\/uploads\/2023\/05\/20230513-20230513-0G7A8765-300x200.jpg 300w, https:\/\/javanas.net\/testsite\/wp-content\/uploads\/2023\/05\/20230513-20230513-0G7A8765-1024x683.jpg 1024w, https:\/\/javanas.net\/testsite\/wp-content\/uploads\/2023\/05\/20230513-20230513-0G7A8765-1536x1024.jpg 1536w, https:\/\/javanas.net\/testsite\/wp-content\/uploads\/2023\/05\/20230513-20230513-0G7A8765-1000x667.jpg 1000w, https:\/\/javanas.net\/testsite\/wp-content\/uploads\/2023\/05\/20230513-20230513-0G7A8765-230x153.jpg 230w, https:\/\/javanas.net\/testsite\/wp-content\/uploads\/2023\/05\/20230513-20230513-0G7A8765-350x233.jpg 350w, https:\/\/javanas.net\/testsite\/wp-content\/uploads\/2023\/05\/20230513-20230513-0G7A8765-480x320.jpg 480w, https:\/\/javanas.net\/testsite\/wp-content\/uploads\/2023\/05\/20230513-20230513-0G7A8765-272x182.jpg 272w, https:\/\/javanas.net\/testsite\/wp-content\/uploads\/2023\/05\/20230513-20230513-0G7A8765.jpg 2048w\" sizes=\"auto, (max-width: 768px) 100vw, 768px\" title=\"Levi 14kk\" alt=\"\" loading=\"lazy\" \t\tclass=\"so-widget-image\"\/>\n\t<\/div>\n\n<h3 class=\"widget-title\">Levi 14kk<\/h3><\/div><\/div><\/div><div id=\"panel-687-2-0-3\" class=\"so-panel widget widget_sow-image\" data-index=\"5\" ><div style=\"text-align: left;\" data-title-color=\"#443f3f\" data-headings-color=\"#443f3f\" class=\"panel-widget-style panel-widget-style-for-687-2-0-3\" ><div\n\t\t\t\n\t\t\tclass=\"so-widget-sow-image so-widget-sow-image-default-d6014b76747a-687\"\n\t\t\t\n\t\t>\n\n<div class=\"sow-image-container\">\n\t\t<img decoding=\"async\" src=\"https:\/\/javanas.net\/testsite\/wp-content\/uploads\/2024\/07\/PHOTO-2024-02-11-08-46-04-768x555.jpg\" width=\"768\" height=\"555\" srcset=\"https:\/\/javanas.net\/testsite\/wp-content\/uploads\/2024\/07\/PHOTO-2024-02-11-08-46-04-768x555.jpg 768w, https:\/\/javanas.net\/testsite\/wp-content\/uploads\/2024\/07\/PHOTO-2024-02-11-08-46-04-300x217.jpg 300w, https:\/\/javanas.net\/testsite\/wp-content\/uploads\/2024\/07\/PHOTO-2024-02-11-08-46-04-1000x723.jpg 1000w, https:\/\/javanas.net\/testsite\/wp-content\/uploads\/2024\/07\/PHOTO-2024-02-11-08-46-04-230x166.jpg 230w, https:\/\/javanas.net\/testsite\/wp-content\/uploads\/2024\/07\/PHOTO-2024-02-11-08-46-04-350x253.jpg 350w, https:\/\/javanas.net\/testsite\/wp-content\/uploads\/2024\/07\/PHOTO-2024-02-11-08-46-04-480x347.jpg 480w, https:\/\/javanas.net\/testsite\/wp-content\/uploads\/2024\/07\/PHOTO-2024-02-11-08-46-04.jpg 1024w\" sizes=\"auto, (max-width: 768px) 100vw, 768px\" title=\"Levi 2v\" alt=\"\" loading=\"lazy\" \t\tclass=\"so-widget-image\"\/>\n\t<\/div>\n\n<h3 class=\"widget-title\">Levi 2v<\/h3><\/div><\/div><\/div><div id=\"panel-687-2-0-4\" class=\"so-panel widget widget_sow-image\" data-index=\"6\" ><div style=\"text-align: left;\" data-title-color=\"#443f3f\" data-headings-color=\"#443f3f\" class=\"panel-widget-style panel-widget-style-for-687-2-0-4\" ><div\n\t\t\t\n\t\t\tclass=\"so-widget-sow-image so-widget-sow-image-default-d6014b76747a-687\"\n\t\t\t\n\t\t>\n\n<div class=\"sow-image-container\">\n\t\t<img decoding=\"async\" src=\"https:\/\/javanas.net\/testsite\/wp-content\/uploads\/2024\/07\/20240114-20240114-0G7A1871-768x512.jpg\" width=\"768\" height=\"512\" srcset=\"https:\/\/javanas.net\/testsite\/wp-content\/uploads\/2024\/07\/20240114-20240114-0G7A1871-768x512.jpg 768w, https:\/\/javanas.net\/testsite\/wp-content\/uploads\/2024\/07\/20240114-20240114-0G7A1871-300x200.jpg 300w, https:\/\/javanas.net\/testsite\/wp-content\/uploads\/2024\/07\/20240114-20240114-0G7A1871-1024x683.jpg 1024w, https:\/\/javanas.net\/testsite\/wp-content\/uploads\/2024\/07\/20240114-20240114-0G7A1871-1536x1024.jpg 1536w, https:\/\/javanas.net\/testsite\/wp-content\/uploads\/2024\/07\/20240114-20240114-0G7A1871-1000x667.jpg 1000w, https:\/\/javanas.net\/testsite\/wp-content\/uploads\/2024\/07\/20240114-20240114-0G7A1871-230x153.jpg 230w, https:\/\/javanas.net\/testsite\/wp-content\/uploads\/2024\/07\/20240114-20240114-0G7A1871-350x233.jpg 350w, https:\/\/javanas.net\/testsite\/wp-content\/uploads\/2024\/07\/20240114-20240114-0G7A1871-480x320.jpg 480w, https:\/\/javanas.net\/testsite\/wp-content\/uploads\/2024\/07\/20240114-20240114-0G7A1871-272x182.jpg 272w, https:\/\/javanas.net\/testsite\/wp-content\/uploads\/2024\/07\/20240114-20240114-0G7A1871.jpg 2048w\" sizes=\"auto, (max-width: 768px) 100vw, 768px\" title=\"Levi 2v\" alt=\"\" loading=\"lazy\" \t\tclass=\"so-widget-image\"\/>\n\t<\/div>\n\n<h3 class=\"widget-title\">Levi 2v<\/h3><\/div><\/div><\/div><div id=\"panel-687-2-0-5\" class=\"so-panel widget widget_sow-image panel-last-child\" data-index=\"7\" ><div style=\"text-align: left;\" data-title-color=\"#443f3f\" data-headings-color=\"#443f3f\" class=\"panel-widget-style panel-widget-style-for-687-2-0-5\" ><div\n\t\t\t\n\t\t\tclass=\"so-widget-sow-image so-widget-sow-image-default-d6014b76747a-687\"\n\t\t\t\n\t\t>\n\n<div class=\"sow-image-container\">\n\t\t<img decoding=\"async\" src=\"https:\/\/javanas.net\/testsite\/wp-content\/uploads\/2024\/09\/POKS8307-768x512.jpg\" width=\"768\" height=\"512\" srcset=\"https:\/\/javanas.net\/testsite\/wp-content\/uploads\/2024\/09\/POKS8307-768x512.jpg 768w, https:\/\/javanas.net\/testsite\/wp-content\/uploads\/2024\/09\/POKS8307-300x200.jpg 300w, https:\/\/javanas.net\/testsite\/wp-content\/uploads\/2024\/09\/POKS8307-1024x683.jpg 1024w, https:\/\/javanas.net\/testsite\/wp-content\/uploads\/2024\/09\/POKS8307-1536x1024.jpg 1536w, https:\/\/javanas.net\/testsite\/wp-content\/uploads\/2024\/09\/POKS8307-1000x667.jpg 1000w, https:\/\/javanas.net\/testsite\/wp-content\/uploads\/2024\/09\/POKS8307-230x153.jpg 230w, https:\/\/javanas.net\/testsite\/wp-content\/uploads\/2024\/09\/POKS8307-350x233.jpg 350w, https:\/\/javanas.net\/testsite\/wp-content\/uploads\/2024\/09\/POKS8307-480x320.jpg 480w, https:\/\/javanas.net\/testsite\/wp-content\/uploads\/2024\/09\/POKS8307-272x182.jpg 272w, https:\/\/javanas.net\/testsite\/wp-content\/uploads\/2024\/09\/POKS8307.jpg 2048w\" sizes=\"auto, (max-width: 768px) 100vw, 768px\" title=\"Levi 2,5 v, Kuva: Marika Lepp\u00e4nen\" alt=\"\" loading=\"lazy\" \t\tclass=\"so-widget-image\"\/>\n\t<\/div>\n\n<h3 class=\"widget-title\">Levi 2,5 v, Kuva: Marika Lepp\u00e4nen<\/h3><\/div><\/div><\/div><\/div><\/div><\/div><\/div>","protected":false},"excerpt":{"rendered":"<p>Nimi: Aysling Be My Snorlax, &#8220;Levi&#8221; Is\u00e4:\u00a0Senza&#8217;s Legacy of the Five Colors Em\u00e4: FI AVA FI AVA-H K\u00e4pylaakson Ilon Tuoja Sukupuoli: Uros [&hellip;]<\/p>\n","protected":false},"author":1,"featured_media":688,"parent":401,"menu_order":0,"comment_status":"closed","ping_status":"closed","template":"","meta":{"footnotes":""},"class_list":["post-687","page","type-page","status-publish","has-post-thumbnail","hentry"],"_links":{"self":[{"href":"https:\/\/javanas.net\/testsite\/wp-json\/wp\/v2\/pages\/687","targetHints":{"allow":["GET"]}}],"collection":[{"href":"https:\/\/javanas.net\/testsite\/wp-json\/wp\/v2\/pages"}],"about":[{"href":"https:\/\/javanas.net\/testsite\/wp-json\/wp\/v2\/types\/page"}],"author":[{"embeddable":true,"href":"https:\/\/javanas.net\/testsite\/wp-json\/wp\/v2\/users\/1"}],"replies":[{"embeddable":true,"href":"https:\/\/javanas.net\/testsite\/wp-json\/wp\/v2\/comments?post=687"}],"version-history":[{"count":25,"href":"https:\/\/javanas.net\/testsite\/wp-json\/wp\/v2\/pages\/687\/revisions"}],"predecessor-version":[{"id":882,"href":"https:\/\/javanas.net\/testsite\/wp-json\/wp\/v2\/pages\/687\/revisions\/882"}],"up":[{"embeddable":true,"href":"https:\/\/javanas.net\/testsite\/wp-json\/wp\/v2\/pages\/401"}],"wp:featuredmedia":[{"embeddable":true,"href":"https:\/\/javanas.net\/testsite\/wp-json\/wp\/v2\/media\/688"}],"wp:attachment":[{"href":"https:\/\/javanas.net\/testsite\/wp-json\/wp\/v2\/media?parent=687"}],"curies":[{"name":"wp","href":"https:\/\/api.w.org\/{rel}","templated":true}]}}