{"id":891,"date":"2026-03-30T20:27:09","date_gmt":"2026-03-30T18:27:09","guid":{"rendered":"https:\/\/javanas.net\/testsite\/?page_id=891"},"modified":"2026-03-30T20:52:56","modified_gmt":"2026-03-30T18:52:56","slug":"lux","status":"publish","type":"page","link":"https:\/\/javanas.net\/testsite\/koirat\/lux\/","title":{"rendered":"Lux"},"content":{"rendered":"<div id=\"pl-891\"  class=\"panel-layout\" ><div id=\"pg-891-0\"  class=\"panel-grid panel-has-style\" ><div class=\"siteorigin-panels-stretch panel-row-style panel-row-style-for-891-0\" style=\"background-image: url(https:\/\/javanas.net\/testsite\/wp-content\/uploads\/2026\/03\/20260327-20260327-0G7A1048.jpg);padding: 100px 0; \" data-stretch-type=\"full\" data-hasbg=\"hasbg\" data-overlay-color=\"#000000\" ><div id=\"pgc-891-0-0\"  class=\"panel-grid-cell\" ><div id=\"panel-891-0-0-0\" class=\"so-panel widget widget_sow-editor panel-first-child panel-last-child\" data-index=\"0\" ><div style=\"text-align: left;\" data-title-color=\"#ffffff\" data-headings-color=\"#443f3f\" class=\"panel-widget-style panel-widget-style-for-891-0-0-0\" ><div\n\t\t\t\n\t\t\tclass=\"so-widget-sow-editor so-widget-sow-editor-base\"\n\t\t\t\n\t\t><h3 class=\"widget-title\">Aysling C'mon Lune<\/h3>\n<div class=\"siteorigin-widget-tinymce textwidget\">\n\t<p>Nimi: Aysling C'mon Lune, \"Lux\"<\/p>\n<p>Is\u00e4: Enjoy the Magic Moment Loco Pocos Strike Back<br \/>\nEm\u00e4: Aysling Be My Happiny<\/p>\n<p>Sukupuoli: Narttu<\/p>\n<p>Syntynyt: 29.1.2026<\/p>\n<p>Korkeus: -<\/p>\n<p>V\u00e4ri: Bimerle<\/p>\n<p>Terveys:<\/p>\n<p>Lonkat (tutkitaan 2027)<br \/>\nKyyn\u00e4r\u00e4t (tutkitaan 2027)<br \/>\nPolvet (tutkitaan 2027)<br \/>\nSelk\u00e4: (tutkitaan 2027)<br \/>\nOlat: (tutkitaan 2027)<br \/>\nPolvet: (tutkitaan 2027)<br \/>\nSyd\u00e4n: Ei sivu\u00e4\u00e4ni\u00e4<br \/>\nSilm\u00e4t: Terveet 03\/26<br \/>\nHampaat:<\/p>\n<p>CEA N\/N<br \/>\nMDR1 N\/N tai -\/N<br \/>\nPRA CNGA3 &amp; BS2 N\/N<br \/>\nDM N\/N<br \/>\nvWD3 N\/N<\/p>\n<p>Harrastukset:<\/p>\n<p>Pentupuuhastelu<\/p>\n<\/div>\n<\/div><\/div><\/div><\/div><\/div><\/div><div id=\"pg-891-1\"  class=\"panel-grid panel-has-style\" ><div style=\"padding: 10px 0; \" data-overlay=\"true\" data-overlay-color=\"#000000\" class=\"panel-row-style panel-row-style-for-891-1\" ><div id=\"pgc-891-1-0\"  class=\"panel-grid-cell\" ><div id=\"panel-891-1-0-0\" class=\"so-panel widget widget_sow-button panel-first-child panel-last-child\" data-index=\"1\" ><div style=\"text-align: left;\" data-title-color=\"#443f3f\" data-headings-color=\"#443f3f\" class=\"panel-widget-style panel-widget-style-for-891-1-0-0\" ><div\n\t\t\t\n\t\t\tclass=\"so-widget-sow-button so-widget-sow-button-atom-b4f6b6b19f96-891\"\n\t\t\t\n\t\t><div class=\"ow-button-base ow-button-align-center\">\n\t<a href=\"https:\/\/jalostus.kennelliitto.fi\/frmKoira.aspx?RekNo=FI16391%2F26&#038;R=88\" class=\"ow-icon-placement-left ow-button-hover\" target=\"_blank\" rel=\"noopener noreferrer\" \t\t>\n\t\t<span>\n\t\t\t<span class=\"sow-icon-fontawesome sow-fas\" data-sow-icon=\"&#xf3a5;\"\n\t\t \n\t\taria-hidden=\"true\"><\/span>\n\t\t\tLux KoiraNetiss\u00e4\t\t<\/span>\n\t<\/a>\n<\/div>\n<\/div><\/div><\/div><\/div><\/div><\/div><div id=\"pg-891-2\"  class=\"panel-grid panel-has-style\" ><div style=\"padding: 10px 0; \" data-overlay=\"true\" data-overlay-color=\"#000000\" class=\"panel-row-style panel-row-style-for-891-2\" ><div id=\"pgc-891-2-0\"  class=\"panel-grid-cell\" ><div id=\"panel-891-2-0-0\" class=\"so-panel widget widget_text panel-first-child\" data-index=\"2\" ><div style=\"text-align: left;\" data-title-color=\"#443f3f\" data-headings-color=\"#443f3f\" class=\"panel-widget-style panel-widget-style-for-891-2-0-0\" >\t\t\t<div class=\"textwidget\"><p>Aysling3-pentue oli clair obscure -teemalla, joten varsin luontevasti Lunesta tuli Lux, joka siis tarkoittaa latinaksi valoa. Ja sit\u00e4 totisesti toivomme t\u00e4m\u00e4n pikkumimmin tuovan! Valinta oli vaikea kahden huikean pennun v\u00e4lill\u00e4, mutta nyt tunne sai p\u00e4\u00e4tt\u00e4\u00e4. Ja tunne n\u00e4ki t\u00e4ss\u00e4 ripauksen Iona &lt;3<\/p>\n<p>Lux on pentutestattu 6 viikon ik\u00e4isen\u00e4 Pekka Korrin toimesta:<\/p>\n<ul>\n<li>5p K\u00e4ytt\u00e4ytyminen syliss\u00e4: Eritt\u00e4in rentoutunut, innokas\/utelias &#8211; haistelee<\/li>\n<li>4p Luoksetulo &#8211; rohkeus: Tulee kohtuullisen hyvin luo\/h\u00e4nt\u00e4 alhaalla &#8211; hieman j\u00e4nnitt\u00e4\u00e4 alussaa<\/li>\n<li>5p Kontakti: Avoin, yst\u00e4v\u00e4llinen, vapautunut &#8211; hillitty<\/li>\n<li>4p Taistelutahto: Taistelee kohtuullisesti &#8211; alussa vaikempi, sitten syttyi hyvin<\/li>\n<li>5p Taistelutahto (ajava saalisvietti): Rynt\u00e4\u00e4 per\u00e4\u00e4n, vie lelun pois<\/li>\n<li>5p Alistus: Eritt\u00e4in rento, rauhallinen &#8211; pienesti j\u00e4nnitti<\/li>\n<li>5p Palautuminen: Palautuu v\u00e4litt\u00f6m\u00e4sti<\/li>\n<li>5p \u00a0\u00c4\u00e4niherkkyys: Ei pelk\u00e4\u00e4 \/ menee heti tutkimaan<\/li>\n<li>5p K\u00e4ytt\u00e4ytyminen p\u00f6yd\u00e4ll\u00e4: Liikkuu rohkeasti ja j\u00e4rkev\u00e4sti, h\u00e4nt\u00e4 ylh\u00e4\u00e4ll\u00e4<\/li>\n<li>5p Laumvietti (seuraaaminen): \u00a0Seuraa vapautuneesti ja rohkeasti<\/li>\n<li>4p+ Toimintakyky: Hyv\u00e4<\/li>\n<li>5p-: Hermorakenne: Eritt\u00e4in hyv\u00e4<\/li>\n<li>Kommentit: Tasapainoinen, reipas, rohkea, j\u00e4rkev\u00e4 pentu<\/li>\n<\/ul>\n<\/div>\n\t\t<\/div><\/div><div id=\"panel-891-2-0-1\" class=\"so-panel widget widget_sow-image\" data-index=\"3\" ><div style=\"text-align: left;\" data-title-color=\"#443f3f\" data-headings-color=\"#443f3f\" class=\"panel-widget-style panel-widget-style-for-891-2-0-1\" ><div\n\t\t\t\n\t\t\tclass=\"so-widget-sow-image so-widget-sow-image-default-d6014b76747a-891\"\n\t\t\t\n\t\t>\n\n<div class=\"sow-image-container\">\n\t\t<img decoding=\"async\" src=\"https:\/\/javanas.net\/testsite\/wp-content\/uploads\/2026\/03\/20260322-20260322-0G7A0896-768x512.jpg\" width=\"768\" height=\"512\" srcset=\"https:\/\/javanas.net\/testsite\/wp-content\/uploads\/2026\/03\/20260322-20260322-0G7A0896-768x512.jpg 768w, https:\/\/javanas.net\/testsite\/wp-content\/uploads\/2026\/03\/20260322-20260322-0G7A0896-300x200.jpg 300w, https:\/\/javanas.net\/testsite\/wp-content\/uploads\/2026\/03\/20260322-20260322-0G7A0896-1024x683.jpg 1024w, https:\/\/javanas.net\/testsite\/wp-content\/uploads\/2026\/03\/20260322-20260322-0G7A0896-1536x1024.jpg 1536w, https:\/\/javanas.net\/testsite\/wp-content\/uploads\/2026\/03\/20260322-20260322-0G7A0896-1000x667.jpg 1000w, https:\/\/javanas.net\/testsite\/wp-content\/uploads\/2026\/03\/20260322-20260322-0G7A0896-230x153.jpg 230w, https:\/\/javanas.net\/testsite\/wp-content\/uploads\/2026\/03\/20260322-20260322-0G7A0896-350x233.jpg 350w, https:\/\/javanas.net\/testsite\/wp-content\/uploads\/2026\/03\/20260322-20260322-0G7A0896-480x320.jpg 480w, https:\/\/javanas.net\/testsite\/wp-content\/uploads\/2026\/03\/20260322-20260322-0G7A0896-272x182.jpg 272w, https:\/\/javanas.net\/testsite\/wp-content\/uploads\/2026\/03\/20260322-20260322-0G7A0896.jpg 2048w\" sizes=\"auto, (max-width: 768px) 100vw, 768px\" title=\"Lux 7vk\" alt=\"\" loading=\"lazy\" \t\tclass=\"so-widget-image\"\/>\n\t<\/div>\n\n<h3 class=\"widget-title\">Lux 7vk<\/h3><\/div><\/div><\/div><div id=\"panel-891-2-0-2\" class=\"so-panel widget widget_sow-image\" data-index=\"4\" ><div style=\"text-align: left;\" data-title-color=\"#443f3f\" data-headings-color=\"#443f3f\" class=\"panel-widget-style panel-widget-style-for-891-2-0-2\" ><div\n\t\t\t\n\t\t\tclass=\"so-widget-sow-image so-widget-sow-image-default-d6014b76747a-891\"\n\t\t\t\n\t\t>\n\n<div class=\"sow-image-container\">\n\t\t<img decoding=\"async\" src=\"https:\/\/javanas.net\/testsite\/wp-content\/uploads\/2026\/03\/20260314-20260314-0G7A0365-768x512.jpg\" width=\"768\" height=\"512\" srcset=\"https:\/\/javanas.net\/testsite\/wp-content\/uploads\/2026\/03\/20260314-20260314-0G7A0365-768x512.jpg 768w, https:\/\/javanas.net\/testsite\/wp-content\/uploads\/2026\/03\/20260314-20260314-0G7A0365-300x200.jpg 300w, https:\/\/javanas.net\/testsite\/wp-content\/uploads\/2026\/03\/20260314-20260314-0G7A0365-1024x683.jpg 1024w, https:\/\/javanas.net\/testsite\/wp-content\/uploads\/2026\/03\/20260314-20260314-0G7A0365-1536x1024.jpg 1536w, https:\/\/javanas.net\/testsite\/wp-content\/uploads\/2026\/03\/20260314-20260314-0G7A0365-1000x667.jpg 1000w, https:\/\/javanas.net\/testsite\/wp-content\/uploads\/2026\/03\/20260314-20260314-0G7A0365-230x153.jpg 230w, https:\/\/javanas.net\/testsite\/wp-content\/uploads\/2026\/03\/20260314-20260314-0G7A0365-350x233.jpg 350w, https:\/\/javanas.net\/testsite\/wp-content\/uploads\/2026\/03\/20260314-20260314-0G7A0365-480x320.jpg 480w, https:\/\/javanas.net\/testsite\/wp-content\/uploads\/2026\/03\/20260314-20260314-0G7A0365-272x182.jpg 272w, https:\/\/javanas.net\/testsite\/wp-content\/uploads\/2026\/03\/20260314-20260314-0G7A0365.jpg 2048w\" sizes=\"auto, (max-width: 768px) 100vw, 768px\" title=\"Lux 6vk\" alt=\"\" loading=\"lazy\" \t\tclass=\"so-widget-image\"\/>\n\t<\/div>\n\n<h3 class=\"widget-title\">Lux 6vk<\/h3><\/div><\/div><\/div><div id=\"panel-891-2-0-3\" class=\"so-panel widget widget_sow-image panel-last-child\" data-index=\"5\" ><div style=\"text-align: left;\" data-title-color=\"#443f3f\" data-headings-color=\"#443f3f\" class=\"panel-widget-style panel-widget-style-for-891-2-0-3\" ><div\n\t\t\t\n\t\t\tclass=\"so-widget-sow-image so-widget-sow-image-default-d6014b76747a-891\"\n\t\t\t\n\t\t>\n\n<div class=\"sow-image-container\">\n\t\t<img decoding=\"async\" src=\"https:\/\/javanas.net\/testsite\/wp-content\/uploads\/2026\/03\/20260213-20260213-0G7A9640-768x512.jpg\" width=\"768\" height=\"512\" srcset=\"https:\/\/javanas.net\/testsite\/wp-content\/uploads\/2026\/03\/20260213-20260213-0G7A9640-768x512.jpg 768w, https:\/\/javanas.net\/testsite\/wp-content\/uploads\/2026\/03\/20260213-20260213-0G7A9640-300x200.jpg 300w, https:\/\/javanas.net\/testsite\/wp-content\/uploads\/2026\/03\/20260213-20260213-0G7A9640-1024x683.jpg 1024w, https:\/\/javanas.net\/testsite\/wp-content\/uploads\/2026\/03\/20260213-20260213-0G7A9640-1536x1024.jpg 1536w, https:\/\/javanas.net\/testsite\/wp-content\/uploads\/2026\/03\/20260213-20260213-0G7A9640-1000x667.jpg 1000w, https:\/\/javanas.net\/testsite\/wp-content\/uploads\/2026\/03\/20260213-20260213-0G7A9640-230x153.jpg 230w, https:\/\/javanas.net\/testsite\/wp-content\/uploads\/2026\/03\/20260213-20260213-0G7A9640-350x233.jpg 350w, https:\/\/javanas.net\/testsite\/wp-content\/uploads\/2026\/03\/20260213-20260213-0G7A9640-480x320.jpg 480w, https:\/\/javanas.net\/testsite\/wp-content\/uploads\/2026\/03\/20260213-20260213-0G7A9640-272x182.jpg 272w, https:\/\/javanas.net\/testsite\/wp-content\/uploads\/2026\/03\/20260213-20260213-0G7A9640.jpg 2048w\" sizes=\"auto, (max-width: 768px) 100vw, 768px\" title=\"Lux 2vk\" alt=\"\" loading=\"lazy\" \t\tclass=\"so-widget-image\"\/>\n\t<\/div>\n\n<h3 class=\"widget-title\">Lux 2vk<\/h3><\/div><\/div><\/div><\/div><\/div><\/div><\/div>","protected":false},"excerpt":{"rendered":"<p>Nimi: Aysling C&#8217;mon Lune, &#8220;Lux&#8221; Is\u00e4: Enjoy the Magic Moment Loco Pocos Strike Back Em\u00e4: Aysling Be My Happiny Sukupuoli: Narttu Syntynyt: [&hellip;]<\/p>\n","protected":false},"author":1,"featured_media":892,"parent":417,"menu_order":0,"comment_status":"closed","ping_status":"closed","template":"","meta":{"footnotes":""},"class_list":["post-891","page","type-page","status-publish","has-post-thumbnail","hentry"],"_links":{"self":[{"href":"https:\/\/javanas.net\/testsite\/wp-json\/wp\/v2\/pages\/891","targetHints":{"allow":["GET"]}}],"collection":[{"href":"https:\/\/javanas.net\/testsite\/wp-json\/wp\/v2\/pages"}],"about":[{"href":"https:\/\/javanas.net\/testsite\/wp-json\/wp\/v2\/types\/page"}],"author":[{"embeddable":true,"href":"https:\/\/javanas.net\/testsite\/wp-json\/wp\/v2\/users\/1"}],"replies":[{"embeddable":true,"href":"https:\/\/javanas.net\/testsite\/wp-json\/wp\/v2\/comments?post=891"}],"version-history":[{"count":3,"href":"https:\/\/javanas.net\/testsite\/wp-json\/wp\/v2\/pages\/891\/revisions"}],"predecessor-version":[{"id":902,"href":"https:\/\/javanas.net\/testsite\/wp-json\/wp\/v2\/pages\/891\/revisions\/902"}],"up":[{"embeddable":true,"href":"https:\/\/javanas.net\/testsite\/wp-json\/wp\/v2\/pages\/417"}],"wp:featuredmedia":[{"embeddable":true,"href":"https:\/\/javanas.net\/testsite\/wp-json\/wp\/v2\/media\/892"}],"wp:attachment":[{"href":"https:\/\/javanas.net\/testsite\/wp-json\/wp\/v2\/media?parent=891"}],"curies":[{"name":"wp","href":"https:\/\/api.w.org\/{rel}","templated":true}]}}